{"id":624,"date":"2020-02-22T12:44:42","date_gmt":"2020-02-22T11:44:42","guid":{"rendered":"http:\/\/www.stadtmobiliar.at\/content\/?page_id=624"},"modified":"2020-04-16T23:31:52","modified_gmt":"2020-04-16T21:31:52","slug":"welcherfahrradstaender","status":"publish","type":"page","link":"https:\/\/stadtmobiliar.at\/index.php\/welcherfahrradstaender\/","title":{"rendered":"Welcher Fahrradst\u00e4nder?"},"content":{"rendered":"\t\t<div data-elementor-type=\"wp-page\" data-elementor-id=\"624\" class=\"elementor elementor-624\">\n\t\t\t\t\t\t<section class=\"elementor-section elementor-top-section elementor-element elementor-element-d455382 elementor-section-boxed elementor-section-height-default elementor-section-height-default\" data-id=\"d455382\" data-element_type=\"section\" data-e-type=\"section\">\n\t\t\t\t\t\t<div class=\"elementor-container elementor-column-gap-default\">\n\t\t\t\t\t<div class=\"elementor-column elementor-col-100 elementor-top-column elementor-element elementor-element-f6dd0fc\" data-id=\"f6dd0fc\" data-element_type=\"column\" data-e-type=\"column\">\n\t\t\t<div class=\"elementor-widget-wrap elementor-element-populated\">\n\t\t\t\t\t\t<div class=\"elementor-element elementor-element-fadc7fb elementor-widget-divider--view-line elementor-widget elementor-widget-divider\" data-id=\"fadc7fb\" data-element_type=\"widget\" data-e-type=\"widget\" data-widget_type=\"divider.default\">\n\t\t\t\t<div class=\"elementor-widget-container\">\n\t\t\t\t\t\t\t<div class=\"elementor-divider\">\n\t\t\t<span class=\"elementor-divider-separator\">\n\t\t\t\t\t\t<\/span>\n\t\t<\/div>\n\t\t\t\t\t\t<\/div>\n\t\t\t\t<\/div>\n\t\t\t\t\t<\/div>\n\t\t<\/div>\n\t\t\t\t\t<\/div>\n\t\t<\/section>\n\t\t\t\t<section class=\"elementor-section elementor-top-section elementor-element elementor-element-28e5cf6 elementor-section-boxed elementor-section-height-default elementor-section-height-default\" data-id=\"28e5cf6\" data-element_type=\"section\" data-e-type=\"section\">\n\t\t\t\t\t\t<div class=\"elementor-container elementor-column-gap-default\">\n\t\t\t\t\t<div class=\"elementor-column elementor-col-100 elementor-top-column elementor-element elementor-element-18e0362\" data-id=\"18e0362\" data-element_type=\"column\" data-e-type=\"column\">\n\t\t\t<div class=\"elementor-widget-wrap elementor-element-populated\">\n\t\t\t\t\t\t<div class=\"elementor-element elementor-element-e5cf850 elementor-widget elementor-widget-heading\" data-id=\"e5cf850\" data-element_type=\"widget\" data-e-type=\"widget\" data-widget_type=\"heading.default\">\n\t\t\t\t<div class=\"elementor-widget-container\">\n\t\t\t\t\t<h2 class=\"elementor-heading-title elementor-size-default\">Sie wissen nicht welchen Fahrradst\u00e4nder Sie w\u00e4hlen? Wir helfen Ihnen dabei<\/h2>\t\t\t\t<\/div>\n\t\t\t\t<\/div>\n\t\t\t\t\t<\/div>\n\t\t<\/div>\n\t\t\t\t\t<\/div>\n\t\t<\/section>\n\t\t\t\t<section class=\"elementor-section elementor-top-section elementor-element elementor-element-1fa902f elementor-section-boxed elementor-section-height-default elementor-section-height-default\" data-id=\"1fa902f\" data-element_type=\"section\" data-e-type=\"section\">\n\t\t\t\t\t\t<div class=\"elementor-container elementor-column-gap-default\">\n\t\t\t\t\t<div class=\"elementor-column elementor-col-100 elementor-top-column elementor-element elementor-element-0af7cec\" data-id=\"0af7cec\" data-element_type=\"column\" data-e-type=\"column\">\n\t\t\t<div class=\"elementor-widget-wrap elementor-element-populated\">\n\t\t\t\t\t\t<div class=\"elementor-element elementor-element-53ccae9 elementor-widget elementor-widget-text-editor\" data-id=\"53ccae9\" data-element_type=\"widget\" data-e-type=\"widget\" data-widget_type=\"text-editor.default\">\n\t\t\t\t<div class=\"elementor-widget-container\">\n\t\t\t\t\t\t\t\t\t<p>\u00a0<\/p><p>Folgende Punkte sollten Sie ber\u00fccksichtigen:<\/p><p><b>Standzeit<\/b><\/p><p>\u2013 Ein paar Minuten (In der Regel kleinere Gesch\u00e4fte, Caf\u00e9s und B\u00fcros)<br \/>\u2013 Minuten bis zu mehreren Stunden (Restaurants, M\u00e4rkte, Sportst\u00e4tten)<br \/>\u2013 4 Stunden bis mehrere Tage (Arbeitspl\u00e4tze, Schulen, Bahnh\u00f6fe oder Wohnort)<\/p><p><strong>Platz<\/strong><\/p><p>Der Platz den Sie f\u00fcr einen Fahrradst\u00e4nder ben\u00f6tigen werden. Dieser h\u00e4ngt meist von den Dimensionen des Fahrrads auch ab.<\/p><p>&#8211; L\u00e4nge 1,8m<br \/>\u2013 H\u00f6he: 1,25m<br \/>\u2013 Lenkerbreite 0,5 bis 0,7 m<\/p><p>Der Abstand zwischen den St\u00e4ndern sollte dann mindestens 0,7 m betragen. Das ist aber unwirtschaftlich.<br \/>Sie k\u00f6nnen mit verschiedenen Fahrradst\u00e4ndern die Abst\u00e4nde bis auf 0,4m reduzieren (Beidseitiger Zugang, \u00c4nderung der Winkel)<br \/>Ein Abstand von weniger als 0,4 Meter ist jedoch ungeeignet f\u00fcr den Betrieb und w\u00fcrde die Fahrr\u00e4der blockieren.<\/p><p><strong>Kaufpreis<\/strong><\/p><p>Der Preis f\u00fcr City-Bikes ist sicherlich anders als der Preis eines voll gefederten Mountainbike.<br \/>Fahrradabstellpl\u00e4tze sollten deshalb auch den Preis der Fahrr\u00e4der entsprechen, f\u00fcr die sie bestimmt sind.<br \/>Robustheit und individuelle L\u00f6sungen spiegeln sich auch im Kaufpreis wieder.<br \/>Es macht einen Unterschied ob Sie einen Fahrradst\u00e4nder vor ihrem kleinen Gesch\u00e4ft f\u00fcr Ihre Kunden anbieten,<br \/>oder in einem Berghotel zahlreiche Fahrr\u00e4der unterbringen m\u00fcssen.<\/p>\t\t\t\t\t\t\t\t<\/div>\n\t\t\t\t<\/div>\n\t\t\t\t\t<\/div>\n\t\t<\/div>\n\t\t\t\t\t<\/div>\n\t\t<\/section>\n\t\t\t\t<section class=\"elementor-section elementor-top-section elementor-element elementor-element-941afab elementor-section-boxed elementor-section-height-default elementor-section-height-default\" data-id=\"941afab\" data-element_type=\"section\" data-e-type=\"section\">\n\t\t\t\t\t\t<div class=\"elementor-container elementor-column-gap-default\">\n\t\t\t\t\t<div class=\"elementor-column elementor-col-100 elementor-top-column elementor-element elementor-element-645b2de\" data-id=\"645b2de\" data-element_type=\"column\" data-e-type=\"column\">\n\t\t\t<div class=\"elementor-widget-wrap elementor-element-populated\">\n\t\t\t\t\t\t<div class=\"elementor-element elementor-element-fa7e7a6 elementor-widget-divider--view-line elementor-widget elementor-widget-divider\" data-id=\"fa7e7a6\" data-element_type=\"widget\" data-e-type=\"widget\" data-widget_type=\"divider.default\">\n\t\t\t\t<div class=\"elementor-widget-container\">\n\t\t\t\t\t\t\t<div class=\"elementor-divider\">\n\t\t\t<span class=\"elementor-divider-separator\">\n\t\t\t\t\t\t<\/span>\n\t\t<\/div>\n\t\t\t\t\t\t<\/div>\n\t\t\t\t<\/div>\n\t\t\t\t\t<\/div>\n\t\t<\/div>\n\t\t\t\t\t<\/div>\n\t\t<\/section>\n\t\t\t\t<section class=\"elementor-section elementor-top-section elementor-element elementor-element-263fa7d elementor-section-boxed elementor-section-height-default elementor-section-height-default\" data-id=\"263fa7d\" data-element_type=\"section\" data-e-type=\"section\">\n\t\t\t\t\t\t<div class=\"elementor-container elementor-column-gap-default\">\n\t\t\t\t\t<div class=\"elementor-column elementor-col-100 elementor-top-column elementor-element elementor-element-9c48da0\" data-id=\"9c48da0\" data-element_type=\"column\" data-e-type=\"column\">\n\t\t\t<div class=\"elementor-widget-wrap elementor-element-populated\">\n\t\t\t\t\t\t<div class=\"elementor-element elementor-element-2d636fb elementor-widget elementor-widget-image\" data-id=\"2d636fb\" data-element_type=\"widget\" data-e-type=\"widget\" data-widget_type=\"image.default\">\n\t\t\t\t<div class=\"elementor-widget-container\">\n\t\t\t\t\t\t\t\t\t\t\t\t\t\t\t<img fetchpriority=\"high\" decoding=\"async\" width=\"810\" height=\"299\" src=\"https:\/\/stadtmobiliar.at\/wp-content\/uploads\/2020\/02\/fahrradstander-info-vergleich.gif\" class=\"attachment-large size-large wp-image-626\" alt=\"\" \/>\t\t\t\t\t\t\t\t\t\t\t\t\t\t\t<\/div>\n\t\t\t\t<\/div>\n\t\t\t\t\t<\/div>\n\t\t<\/div>\n\t\t\t\t\t<\/div>\n\t\t<\/section>\n\t\t\t\t<\/div>\n\t\t","protected":false},"excerpt":{"rendered":"<p>Sie wissen nicht welchen Fahrradst\u00e4nder Sie w\u00e4hlen? Wir helfen Ihnen dabei \u00a0 Folgende Punkte sollten Sie ber\u00fccksichtigen: Standzeit \u2013 Ein paar Minuten (In der Regel kleinere Gesch\u00e4fte, Caf\u00e9s und B\u00fcros)\u2013 Minuten bis zu mehreren Stunden (Restaurants, M\u00e4rkte, Sportst\u00e4tten)\u2013 4 Stunden bis mehrere Tage (Arbeitspl\u00e4tze, Schulen, Bahnh\u00f6fe oder Wohnort) Platz Der Platz den Sie f\u00fcr einen [&hellip;]<\/p>\n","protected":false},"author":1,"featured_media":0,"parent":0,"menu_order":0,"comment_status":"closed","ping_status":"closed","template":"","meta":{"content-type":"","footnotes":""},"class_list":["post-624","page","type-page","status-publish","hentry"],"yoast_head":"<!-- This site is optimized with the Yoast SEO plugin v27.5 - https:\/\/yoast.com\/product\/yoast-seo-wordpress\/ -->\n<title>Welcher Fahrradst\u00e4nder? - Stadtmobiliar Handels OG<\/title>\n<meta name=\"robots\" content=\"index, follow, max-snippet:-1, max-image-preview:large, max-video-preview:-1\" \/>\n<link rel=\"canonical\" href=\"https:\/\/stadtmobiliar.at\/index.php\/welcherfahrradstaender\/\" \/>\n<meta property=\"og:locale\" content=\"de_DE\" \/>\n<meta property=\"og:type\" content=\"article\" \/>\n<meta property=\"og:title\" content=\"Welcher Fahrradst\u00e4nder? - Stadtmobiliar Handels OG\" \/>\n<meta property=\"og:description\" content=\"Sie wissen nicht welchen Fahrradst\u00e4nder Sie w\u00e4hlen? Wir helfen Ihnen dabei \u00a0 Folgende Punkte sollten Sie ber\u00fccksichtigen: Standzeit \u2013 Ein paar Minuten (In der Regel kleinere Gesch\u00e4fte, Caf\u00e9s und B\u00fcros)\u2013 Minuten bis zu mehreren Stunden (Restaurants, M\u00e4rkte, Sportst\u00e4tten)\u2013 4 Stunden bis mehrere Tage (Arbeitspl\u00e4tze, Schulen, Bahnh\u00f6fe oder Wohnort) Platz Der Platz den Sie f\u00fcr einen [&hellip;]\" \/>\n<meta property=\"og:url\" content=\"https:\/\/stadtmobiliar.at\/index.php\/welcherfahrradstaender\/\" \/>\n<meta property=\"og:site_name\" content=\"Stadtmobiliar Handels OG\" \/>\n<meta property=\"article:publisher\" content=\"https:\/\/www.facebook.com\/urbaniaaustria\" \/>\n<meta property=\"article:modified_time\" content=\"2020-04-16T21:31:52+00:00\" \/>\n<meta property=\"og:image\" content=\"http:\/\/www.stadtmobiliar.at\/content\/wp-content\/uploads\/2020\/02\/fahrradstander-info-vergleich.gif\" \/>\n<meta name=\"twitter:card\" content=\"summary_large_image\" \/>\n<meta name=\"twitter:label1\" content=\"Gesch\u00e4tzte Lesezeit\" \/>\n\t<meta name=\"twitter:data1\" content=\"1\u00a0Minute\" \/>\n<script type=\"application\/ld+json\" class=\"yoast-schema-graph\">{\"@context\":\"https:\\\/\\\/schema.org\",\"@graph\":[{\"@type\":\"WebPage\",\"@id\":\"https:\\\/\\\/stadtmobiliar.at\\\/index.php\\\/welcherfahrradstaender\\\/\",\"url\":\"https:\\\/\\\/stadtmobiliar.at\\\/index.php\\\/welcherfahrradstaender\\\/\",\"name\":\"Welcher Fahrradst\u00e4nder? - Stadtmobiliar Handels OG\",\"isPartOf\":{\"@id\":\"https:\\\/\\\/stadtmobiliar.at\\\/#website\"},\"primaryImageOfPage\":{\"@id\":\"https:\\\/\\\/stadtmobiliar.at\\\/index.php\\\/welcherfahrradstaender\\\/#primaryimage\"},\"image\":{\"@id\":\"https:\\\/\\\/stadtmobiliar.at\\\/index.php\\\/welcherfahrradstaender\\\/#primaryimage\"},\"thumbnailUrl\":\"http:\\\/\\\/www.stadtmobiliar.at\\\/content\\\/wp-content\\\/uploads\\\/2020\\\/02\\\/fahrradstander-info-vergleich.gif\",\"datePublished\":\"2020-02-22T11:44:42+00:00\",\"dateModified\":\"2020-04-16T21:31:52+00:00\",\"breadcrumb\":{\"@id\":\"https:\\\/\\\/stadtmobiliar.at\\\/index.php\\\/welcherfahrradstaender\\\/#breadcrumb\"},\"inLanguage\":\"de\",\"potentialAction\":[{\"@type\":\"ReadAction\",\"target\":[\"https:\\\/\\\/stadtmobiliar.at\\\/index.php\\\/welcherfahrradstaender\\\/\"]}]},{\"@type\":\"ImageObject\",\"inLanguage\":\"de\",\"@id\":\"https:\\\/\\\/stadtmobiliar.at\\\/index.php\\\/welcherfahrradstaender\\\/#primaryimage\",\"url\":\"http:\\\/\\\/www.stadtmobiliar.at\\\/content\\\/wp-content\\\/uploads\\\/2020\\\/02\\\/fahrradstander-info-vergleich.gif\",\"contentUrl\":\"http:\\\/\\\/www.stadtmobiliar.at\\\/content\\\/wp-content\\\/uploads\\\/2020\\\/02\\\/fahrradstander-info-vergleich.gif\"},{\"@type\":\"BreadcrumbList\",\"@id\":\"https:\\\/\\\/stadtmobiliar.at\\\/index.php\\\/welcherfahrradstaender\\\/#breadcrumb\",\"itemListElement\":[{\"@type\":\"ListItem\",\"position\":1,\"name\":\"Startseite\",\"item\":\"https:\\\/\\\/stadtmobiliar.at\\\/\"},{\"@type\":\"ListItem\",\"position\":2,\"name\":\"Welcher Fahrradst\u00e4nder?\"}]},{\"@type\":\"WebSite\",\"@id\":\"https:\\\/\\\/stadtmobiliar.at\\\/#website\",\"url\":\"https:\\\/\\\/stadtmobiliar.at\\\/\",\"name\":\"Stadtmobiliar Handels OG\",\"description\":\"M&ouml;bel f&uuml;rs Leben\",\"publisher\":{\"@id\":\"https:\\\/\\\/stadtmobiliar.at\\\/#organization\"},\"alternateName\":\"Stadtmobiliar Austria\",\"potentialAction\":[{\"@type\":\"SearchAction\",\"target\":{\"@type\":\"EntryPoint\",\"urlTemplate\":\"https:\\\/\\\/stadtmobiliar.at\\\/?s={search_term_string}\"},\"query-input\":{\"@type\":\"PropertyValueSpecification\",\"valueRequired\":true,\"valueName\":\"search_term_string\"}}],\"inLanguage\":\"de\"},{\"@type\":\"Organization\",\"@id\":\"https:\\\/\\\/stadtmobiliar.at\\\/#organization\",\"name\":\"Stadtmobiliar.at\",\"url\":\"https:\\\/\\\/stadtmobiliar.at\\\/\",\"logo\":{\"@type\":\"ImageObject\",\"inLanguage\":\"de\",\"@id\":\"https:\\\/\\\/stadtmobiliar.at\\\/#\\\/schema\\\/logo\\\/image\\\/\",\"url\":\"https:\\\/\\\/stadtmobiliar.at\\\/wp-content\\\/uploads\\\/2020\\\/02\\\/Logo-1000x200-1.jpg\",\"contentUrl\":\"https:\\\/\\\/stadtmobiliar.at\\\/wp-content\\\/uploads\\\/2020\\\/02\\\/Logo-1000x200-1.jpg\",\"width\":1000,\"height\":217,\"caption\":\"Stadtmobiliar.at\"},\"image\":{\"@id\":\"https:\\\/\\\/stadtmobiliar.at\\\/#\\\/schema\\\/logo\\\/image\\\/\"},\"sameAs\":[\"https:\\\/\\\/www.facebook.com\\\/urbaniaaustria\"]}]}<\/script>\n<!-- \/ Yoast SEO plugin. -->","yoast_head_json":{"title":"Welcher Fahrradst\u00e4nder? - Stadtmobiliar Handels OG","robots":{"index":"index","follow":"follow","max-snippet":"max-snippet:-1","max-image-preview":"max-image-preview:large","max-video-preview":"max-video-preview:-1"},"canonical":"https:\/\/stadtmobiliar.at\/index.php\/welcherfahrradstaender\/","og_locale":"de_DE","og_type":"article","og_title":"Welcher Fahrradst\u00e4nder? - Stadtmobiliar Handels OG","og_description":"Sie wissen nicht welchen Fahrradst\u00e4nder Sie w\u00e4hlen? Wir helfen Ihnen dabei \u00a0 Folgende Punkte sollten Sie ber\u00fccksichtigen: Standzeit \u2013 Ein paar Minuten (In der Regel kleinere Gesch\u00e4fte, Caf\u00e9s und B\u00fcros)\u2013 Minuten bis zu mehreren Stunden (Restaurants, M\u00e4rkte, Sportst\u00e4tten)\u2013 4 Stunden bis mehrere Tage (Arbeitspl\u00e4tze, Schulen, Bahnh\u00f6fe oder Wohnort) Platz Der Platz den Sie f\u00fcr einen [&hellip;]","og_url":"https:\/\/stadtmobiliar.at\/index.php\/welcherfahrradstaender\/","og_site_name":"Stadtmobiliar Handels OG","article_publisher":"https:\/\/www.facebook.com\/urbaniaaustria","article_modified_time":"2020-04-16T21:31:52+00:00","og_image":[{"url":"http:\/\/www.stadtmobiliar.at\/content\/wp-content\/uploads\/2020\/02\/fahrradstander-info-vergleich.gif","type":"","width":"","height":""}],"twitter_card":"summary_large_image","twitter_misc":{"Gesch\u00e4tzte Lesezeit":"1\u00a0Minute"},"schema":{"@context":"https:\/\/schema.org","@graph":[{"@type":"WebPage","@id":"https:\/\/stadtmobiliar.at\/index.php\/welcherfahrradstaender\/","url":"https:\/\/stadtmobiliar.at\/index.php\/welcherfahrradstaender\/","name":"Welcher Fahrradst\u00e4nder? - Stadtmobiliar Handels OG","isPartOf":{"@id":"https:\/\/stadtmobiliar.at\/#website"},"primaryImageOfPage":{"@id":"https:\/\/stadtmobiliar.at\/index.php\/welcherfahrradstaender\/#primaryimage"},"image":{"@id":"https:\/\/stadtmobiliar.at\/index.php\/welcherfahrradstaender\/#primaryimage"},"thumbnailUrl":"http:\/\/www.stadtmobiliar.at\/content\/wp-content\/uploads\/2020\/02\/fahrradstander-info-vergleich.gif","datePublished":"2020-02-22T11:44:42+00:00","dateModified":"2020-04-16T21:31:52+00:00","breadcrumb":{"@id":"https:\/\/stadtmobiliar.at\/index.php\/welcherfahrradstaender\/#breadcrumb"},"inLanguage":"de","potentialAction":[{"@type":"ReadAction","target":["https:\/\/stadtmobiliar.at\/index.php\/welcherfahrradstaender\/"]}]},{"@type":"ImageObject","inLanguage":"de","@id":"https:\/\/stadtmobiliar.at\/index.php\/welcherfahrradstaender\/#primaryimage","url":"http:\/\/www.stadtmobiliar.at\/content\/wp-content\/uploads\/2020\/02\/fahrradstander-info-vergleich.gif","contentUrl":"http:\/\/www.stadtmobiliar.at\/content\/wp-content\/uploads\/2020\/02\/fahrradstander-info-vergleich.gif"},{"@type":"BreadcrumbList","@id":"https:\/\/stadtmobiliar.at\/index.php\/welcherfahrradstaender\/#breadcrumb","itemListElement":[{"@type":"ListItem","position":1,"name":"Startseite","item":"https:\/\/stadtmobiliar.at\/"},{"@type":"ListItem","position":2,"name":"Welcher Fahrradst\u00e4nder?"}]},{"@type":"WebSite","@id":"https:\/\/stadtmobiliar.at\/#website","url":"https:\/\/stadtmobiliar.at\/","name":"Stadtmobiliar Handels OG","description":"M&ouml;bel f&uuml;rs Leben","publisher":{"@id":"https:\/\/stadtmobiliar.at\/#organization"},"alternateName":"Stadtmobiliar Austria","potentialAction":[{"@type":"SearchAction","target":{"@type":"EntryPoint","urlTemplate":"https:\/\/stadtmobiliar.at\/?s={search_term_string}"},"query-input":{"@type":"PropertyValueSpecification","valueRequired":true,"valueName":"search_term_string"}}],"inLanguage":"de"},{"@type":"Organization","@id":"https:\/\/stadtmobiliar.at\/#organization","name":"Stadtmobiliar.at","url":"https:\/\/stadtmobiliar.at\/","logo":{"@type":"ImageObject","inLanguage":"de","@id":"https:\/\/stadtmobiliar.at\/#\/schema\/logo\/image\/","url":"https:\/\/stadtmobiliar.at\/wp-content\/uploads\/2020\/02\/Logo-1000x200-1.jpg","contentUrl":"https:\/\/stadtmobiliar.at\/wp-content\/uploads\/2020\/02\/Logo-1000x200-1.jpg","width":1000,"height":217,"caption":"Stadtmobiliar.at"},"image":{"@id":"https:\/\/stadtmobiliar.at\/#\/schema\/logo\/image\/"},"sameAs":["https:\/\/www.facebook.com\/urbaniaaustria"]}]}},"_links":{"self":[{"href":"https:\/\/stadtmobiliar.at\/index.php\/wp-json\/wp\/v2\/pages\/624","targetHints":{"allow":["GET"]}}],"collection":[{"href":"https:\/\/stadtmobiliar.at\/index.php\/wp-json\/wp\/v2\/pages"}],"about":[{"href":"https:\/\/stadtmobiliar.at\/index.php\/wp-json\/wp\/v2\/types\/page"}],"author":[{"embeddable":true,"href":"https:\/\/stadtmobiliar.at\/index.php\/wp-json\/wp\/v2\/users\/1"}],"replies":[{"embeddable":true,"href":"https:\/\/stadtmobiliar.at\/index.php\/wp-json\/wp\/v2\/comments?post=624"}],"version-history":[{"count":4,"href":"https:\/\/stadtmobiliar.at\/index.php\/wp-json\/wp\/v2\/pages\/624\/revisions"}],"predecessor-version":[{"id":1190,"href":"https:\/\/stadtmobiliar.at\/index.php\/wp-json\/wp\/v2\/pages\/624\/revisions\/1190"}],"wp:attachment":[{"href":"https:\/\/stadtmobiliar.at\/index.php\/wp-json\/wp\/v2\/media?parent=624"}],"curies":[{"name":"wp","href":"https:\/\/api.w.org\/{rel}","templated":true}]}}