{"id":130,"date":"2020-02-10T01:04:21","date_gmt":"2020-02-10T00:04:21","guid":{"rendered":"http:\/\/www.stadtmobiliar.at\/content\/?page_id=130"},"modified":"2020-03-10T18:03:32","modified_gmt":"2020-03-10T17:03:32","slug":"garantie","status":"publish","type":"page","link":"https:\/\/stadtmobiliar.at\/index.php\/garantie\/","title":{"rendered":"Garantie"},"content":{"rendered":"\t\t<div data-elementor-type=\"wp-page\" data-elementor-id=\"130\" class=\"elementor elementor-130\">\n\t\t\t\t\t\t<section class=\"elementor-section elementor-top-section elementor-element elementor-element-ab4deec elementor-section-boxed elementor-section-height-default elementor-section-height-default\" data-id=\"ab4deec\" data-element_type=\"section\" data-e-type=\"section\">\n\t\t\t\t\t\t<div class=\"elementor-container elementor-column-gap-default\">\n\t\t\t\t\t<div class=\"elementor-column elementor-col-50 elementor-top-column elementor-element elementor-element-b55494b\" data-id=\"b55494b\" data-element_type=\"column\" data-e-type=\"column\">\n\t\t\t<div class=\"elementor-widget-wrap elementor-element-populated\">\n\t\t\t\t\t\t<div class=\"elementor-element elementor-element-4670771 elementor-widget elementor-widget-text-editor\" data-id=\"4670771\" data-element_type=\"widget\" data-e-type=\"widget\" data-widget_type=\"text-editor.default\">\n\t\t\t\t<div class=\"elementor-widget-container\">\n\t\t\t\t\t\t\t\t\t<h4>Allgemeine Garantiebedingungen<\/h4><p>Soweit nichts Anderes vertraglich festgelegt ist, gilt grunds\u00e4tzlich die Garantie von 24 Monaten.<\/p><ul><li>F\u00fcr die Anerkennung der Garantie, muss die empfohlene Kontrolle und Wartung durchgef\u00fchrt werden.<\/li><li>festgestellte M\u00e4ngel sind so schnell als m\u00f6glich zu beheben.<\/li><li>die Pflichten aus dieser Verantwortung m\u00fcssen ohne unn\u00f6tige Verz\u00f6gerung umgesetzt werden.<\/li><\/ul><p>\u00a0<\/p><p><strong>Der Lieferant haftet nicht<\/strong><\/p><ul><li>f\u00fcr Sch\u00e4den, die durch das nicht-Einhalten der regelm\u00e4\u00dfigen Kontrolle und Wartung laut Wartungsanleitung entstanden sind.<\/li><li>F\u00fcr Reparaturen, welche unangemessen und unprofessionell durchgef\u00fchrt worden sind.<\/li><li>F\u00fcr mechanische Sch\u00e4den (Kratzer, Dellen, \u00dcberlastung, etc.)<\/li><li>F\u00fcr Sch\u00e4den durch chemische Einwirkung (Industrieabf\u00e4lle, Vogelkot, Beize, nicht geeignete Putzmittel, etc.)<\/li><li>f\u00fcr Sch\u00e4den durch Unfall, Naturkatastrophen und Vandalismus entstanden sind.<\/li><\/ul>\t\t\t\t\t\t\t\t<\/div>\n\t\t\t\t<\/div>\n\t\t\t\t\t<\/div>\n\t\t<\/div>\n\t\t\t\t<div class=\"elementor-column elementor-col-50 elementor-top-column elementor-element elementor-element-7f194ec\" data-id=\"7f194ec\" data-element_type=\"column\" data-e-type=\"column\">\n\t\t\t<div class=\"elementor-widget-wrap elementor-element-populated\">\n\t\t\t\t\t\t<div class=\"elementor-element elementor-element-3d80c2e elementor-widget elementor-widget-text-editor\" data-id=\"3d80c2e\" data-element_type=\"widget\" data-e-type=\"widget\" data-widget_type=\"text-editor.default\">\n\t\t\t\t<div class=\"elementor-widget-container\">\n\t\t\t\t\t\t\t\t\t<div class=\"wpb_text_column wpb_content_element \"><div class=\"wpb_wrapper\"><h4>Allgemeine Wartungshinweise<\/h4><p>Soweit nicht bei einzelnen Materialien anders angef\u00fchrt ist, sollte die Kontrolle und Wartung mindestens einmal j\u00e4hrlich durchgef\u00fchrt werden.<\/p><p>Dies beinhaltet das Abwaschen mit Wasser, wobei keine aggressiven Reinigungs- sowie Scheuer und\/oder Poliermittel verwendet werden d\u00fcrfen.<\/p><\/div><\/div><div class=\"wpb_text_column wpb_content_element \"><div class=\"wpb_wrapper\"><ul><li>Im Falle einer Lockerung der Verankerungssysteme\u00a0m\u00fcssen diese festgezogen oder ausgetauscht werden.<\/li><li>Das Fundament muss ebenfalls kontrolliert werden \u2013 F\u00fc\u00dfe d\u00fcrfen nicht locker sein oder Risse aufweisen. Besch\u00e4digte Teile m\u00fcssen verst\u00e4rkt bzw. neu betoniert oder ausgetauscht werden.<\/li><li>Die Konstruktionsverbindungen m\u00fcssen fest angezogen werden. Bei Lockerung festziehen oder austauschen.<\/li><li>Die Einzelteile d\u00fcrfen keine Anzeichen von Besch\u00e4digungen aufweisen, um Verletzungen der Benutzer vorzubeugen.<\/li><li>Die Oberfl\u00e4che darf keine Risse oder Kratzer haben. Bei Anzeichen von Besch\u00e4digungen ist eine Reparatur durchzuf\u00fchren.<\/li><li>Die Oberfl\u00e4che wird zuerst mit einer Pulverbeschichtung, anschlie\u00dfend mit 2 x synthetischer Farbe oder Polyurethan-Lack behandelt.<\/li><\/ul><\/div><\/div>\t\t\t\t\t\t\t\t<\/div>\n\t\t\t\t<\/div>\n\t\t\t\t\t<\/div>\n\t\t<\/div>\n\t\t\t\t\t<\/div>\n\t\t<\/section>\n\t\t\t\t<section class=\"elementor-section elementor-top-section elementor-element elementor-element-1ec23b9 elementor-section-boxed elementor-section-height-default elementor-section-height-default\" data-id=\"1ec23b9\" data-element_type=\"section\" data-e-type=\"section\">\n\t\t\t\t\t\t<div class=\"elementor-container elementor-column-gap-default\">\n\t\t\t\t\t<div class=\"elementor-column elementor-col-100 elementor-top-column elementor-element elementor-element-944d33b\" data-id=\"944d33b\" data-element_type=\"column\" data-e-type=\"column\">\n\t\t\t<div class=\"elementor-widget-wrap elementor-element-populated\">\n\t\t\t\t\t\t<div class=\"elementor-element elementor-element-967e823 elementor-widget elementor-widget-text-editor\" data-id=\"967e823\" data-element_type=\"widget\" data-e-type=\"widget\" data-widget_type=\"text-editor.default\">\n\t\t\t\t<div class=\"elementor-widget-container\">\n\t\t\t\t\t\t\t\t\t<h4>Materialien<\/h4><p>Bei der Herstellung unserer Produkte nutzen wir in erster Linie traditionelles\u00a0Material, Metalle, Gusseisen und Holz. Erg\u00e4nzende Materialien sind Aluminium, Edelstahl, Glas und Polycarbonat (Wartehallen, Informationstafeln) aus recyceltem Kunststoff sowie HPL-Platten, Dibond und vieles mehr.<\/p>\t\t\t\t\t\t\t\t<\/div>\n\t\t\t\t<\/div>\n\t\t\t\t\t<\/div>\n\t\t<\/div>\n\t\t\t\t\t<\/div>\n\t\t<\/section>\n\t\t\t\t<section class=\"elementor-section elementor-top-section elementor-element elementor-element-cde6f59 elementor-section-boxed elementor-section-height-default elementor-section-height-default\" data-id=\"cde6f59\" data-element_type=\"section\" data-e-type=\"section\">\n\t\t\t\t\t\t<div class=\"elementor-container elementor-column-gap-default\">\n\t\t\t\t\t<div class=\"elementor-column elementor-col-50 elementor-top-column elementor-element elementor-element-20e798f\" data-id=\"20e798f\" data-element_type=\"column\" data-e-type=\"column\">\n\t\t\t<div class=\"elementor-widget-wrap elementor-element-populated\">\n\t\t\t\t\t\t<div class=\"elementor-element elementor-element-7aaa4c6 elementor-widget elementor-widget-text-editor\" data-id=\"7aaa4c6\" data-element_type=\"widget\" data-e-type=\"widget\" data-widget_type=\"text-editor.default\">\n\t\t\t\t<div class=\"elementor-widget-container\">\n\t\t\t\t\t\t\t\t\t<h4>Garantiebedingungen<\/h4><ul><li>Die Garantie f\u00fcr Metall, Gussteile und deren Oberfl\u00e4chen betr\u00e4gt 48 Monate.<\/li><li>Der feuerverzinkte Untergrund, sowie der Rest haben 24 Monate Garantie, sofern Nichts anderes vertraglich vereinbart ist.<\/li><li>Die Garantie umfasst auch die mechanische Festigkeit wie z.B. Korrosion und das Abspringen von Farbe.<\/li><li>\u00c4sthetische Disparit\u00e4t der Oberfl\u00e4che verringert nicht die Schutzeigenschaften daher wird eine Reklamation von \u00e4sthetischen Unterschieden der Oberfl\u00e4che in der Garantie nicht anerkannt.<\/li><li>Die Norm l\u00e4sst 0,5% der Gesamtfl\u00e4che als Teil der Reparaturfl\u00e4che zu.<\/li><li>Einzelne nicht beschichtete Fl\u00e4chen zur Reparatur, d\u00fcrfen nicht gr\u00f6\u00dfer als 10 cm\u00b2 sein.<\/li><li>Die Reparatur wird durch einen geeigneten Anstrich durchgef\u00fchrt.<\/li><\/ul><ul><li>Die Garantie f\u00fcr Holzteile betr\u00e4gt 24 Monate, sofern nichts anderes vereinbart wurde.<\/li><li>Die Garantie umfasst die mechanische Festigkeit f\u00fcr einen bestimmten Zweck(z.B. Abbl\u00e4ttern, F\u00e4ulnis, Vermoderung).<\/li><li>Hier gelten die allgemeinen Garantiebedingungen.<\/li><li>Garantievoraussetzung ist , dass man einmal j\u00e4hrlich (am besten im Fr\u00fchling) den Anstrich erneuern soll.<\/li><li>Bei starker Beanspruchung wird auch ein zweiter Anstrich empfohlen.<\/li><li>Holz ist ein nat\u00fcrliches Material, kleine Risse und Ver\u00e4stelungen kann man nicht reklamieren.<\/li><li>Vor allem bei L\u00e4rchenholz kann Harz ausflie\u00dfen,welches man mit Alkohol entfernen kann.<\/li><li>Kleine Risse, hervorgerufen durch Luftfeuchtigkeit oder Temperaturunterschiede sind kein Defekt.<\/li><\/ul>\t\t\t\t\t\t\t\t<\/div>\n\t\t\t\t<\/div>\n\t\t\t\t\t<\/div>\n\t\t<\/div>\n\t\t\t\t<div class=\"elementor-column elementor-col-50 elementor-top-column elementor-element elementor-element-68f0970\" data-id=\"68f0970\" data-element_type=\"column\" data-e-type=\"column\">\n\t\t\t<div class=\"elementor-widget-wrap elementor-element-populated\">\n\t\t\t\t\t\t<div class=\"elementor-element elementor-element-e00be7e elementor-widget elementor-widget-text-editor\" data-id=\"e00be7e\" data-element_type=\"widget\" data-e-type=\"widget\" data-widget_type=\"text-editor.default\">\n\t\t\t\t<div class=\"elementor-widget-container\">\n\t\t\t\t\t\t\t\t\t<div class=\"wpb_text_column wpb_content_element \"><div class=\"wpb_wrapper\"><h4>Reparatur besch\u00e4digter Metall- und Eisenteile<\/h4><p>Es wird empfohlen, gr\u00f6\u00dfere Reparaturen dem Hersteller zu \u00fcberlassen oder eine Fachfirma zu beauftragen.\u00a0Manchmal bedeutet das ein demontieren und eine komplett neue Oberfl\u00e4chenbehandlung oder ein Austausch der besch\u00e4digten Teile.<br \/>Bei der Durchf\u00fchrung von Oberfl\u00e4chenarbeiten befolgen sie den Anweisungen des Lackherstellers.\u00a0Bitte beachten sie, dass Reparaturspuren bleiben k\u00f6nnen.<\/p><p>Dies bedeutet aber nicht, dass ein Produkt seine Schutzeigenschaften oder die Garantie verliert.\u00a0\u00dcber die richtige Farbe informieren sie sich bitte bei\u00a0uns, oder besuchen Sie unsere Website www.urbania.co.at (Farben RAL)<\/p><\/div><\/div><div class=\"wpb_text_column wpb_content_element \"><div class=\"wpb_wrapper\"><h5>Holzteile<\/h5><p>Nach unseren Erfahrungen bevorzugen wir tschechische L\u00e4rche, Eiche und Akazie.<\/p><p><u>L\u00e4rche:<\/u>\u00a0eines unserer h\u00e4rtesten Nadelh\u00f6lzer<\/p><p><u>Eiche:<\/u>\u00a0sehr witterungsbest\u00e4ndig, vor allem bei Wechsel von Feuchtigkeit und Trockenheit.<\/p><p><u>Akazie:<\/u>\u00a0eines der h\u00e4rtesten Laubh\u00f6lzer, das als Werkzeugstiel oder Griff Verwendung findet.<\/p><p>Alle drei Holzarten sind sehr witterungsbest\u00e4ndig.<\/p><\/div><\/div><div class=\"wpb_text_column wpb_content_element \"><div class=\"wpb_wrapper\"><h5>Oberfl\u00e4chenbehandlung von Holz<\/h5><p>Wir sch\u00fctzen das Holz folgenderma\u00dfen gegen Witterungseinfl\u00fcsse<\/p><ul><li>dreimal streichen mit Wasser verd\u00fcnnter Lasur<\/li><li>zweimal streichen mit einer Lasur auf Basis UV-best\u00e4ndiger nat\u00fcrlicher \u00d6le mit Farbpigmenten.<\/li><li>zweimal streichen mit Teak \u00d6lfarbe bei exotischen H\u00f6lzern<\/li><li>zweifache Asphaltbeschichtung jener Teile, die am Boden befestigt sind.<\/li><li>Zwischen den einzelnen Anstrichen wird das Holz immer angeschliffen.<\/li><li>Welche Schutzverfahren verwendet worden sind, steht in der jeweiligen Produktbeschreibung.<\/li><li>Aktuelle Informationen finden sich auch auf der Webseite\u00a0www.urbania.co.at<\/li><\/ul><\/div><\/div><div class=\"wpb_text_column wpb_content_element \"><div class=\"wpb_wrapper\"><h5>Reparatur besch\u00e4digter Holzoberfl\u00e4chen<\/h5><ul><li>Gr\u00f6\u00dfere Reparaturen sollten sie dem Erzeuger oder einer Fachfirma \u00fcberlassen.<\/li><li>Manchmal bedeutet dies auch eine v\u00f6llig neue Oberfl\u00e4chenbehandlung oder den Austausch von besch\u00e4digten Teilen.<\/li><li>Bei mechanischer Besch\u00e4digung ist es notwendig, sofort zu schleifen und neu zu streichen. Andernfalls k\u00f6nnen sie ihre Garantie verlieren.<\/li><li>Bei der Bearbeitung von Oberfl\u00e4chen befolgen sie die Anweisungen des Lackherstellers.<\/li><li>Eine nat\u00fcrliche Eigenschaft von Holz ist die allm\u00e4hliche Vergrauung. Durch regelm\u00e4\u00dfige\u00a0Kontrolle und Pflege kann man dem vorbeugen.<\/li><li>Wir bevorzugen nat\u00fcrliche, UV-best\u00e4ndige Wachs\u00f6le, da diese umweltfreundlich, atmungsaktiv und wasserabweisend sind.<\/li><li>Wenn keine Vergrauung oder mechanische Besch\u00e4digung aufgetreten ist, reicht ein Farbanstrich ohne vorher abzuschleifen.<\/li><\/ul><\/div><\/div>\t\t\t\t\t\t\t\t<\/div>\n\t\t\t\t<\/div>\n\t\t\t\t\t<\/div>\n\t\t<\/div>\n\t\t\t\t\t<\/div>\n\t\t<\/section>\n\t\t\t\t<\/div>\n\t\t","protected":false},"excerpt":{"rendered":"<p>Allgemeine Garantiebedingungen Soweit nichts Anderes vertraglich festgelegt ist, gilt grunds\u00e4tzlich die Garantie von 24 Monaten. F\u00fcr die Anerkennung der Garantie, muss die empfohlene Kontrolle und Wartung durchgef\u00fchrt werden. festgestellte M\u00e4ngel sind so schnell als m\u00f6glich zu beheben. die Pflichten aus dieser Verantwortung m\u00fcssen ohne unn\u00f6tige Verz\u00f6gerung umgesetzt werden. Der Lieferant haftet nicht f\u00fcr Sch\u00e4den, die [&hellip;]<\/p>\n","protected":false},"author":1,"featured_media":0,"parent":0,"menu_order":0,"comment_status":"closed","ping_status":"closed","template":"","meta":{"content-type":"","footnotes":""},"class_list":["post-130","page","type-page","status-publish","hentry"],"yoast_head":"<!-- This site is optimized with the Yoast SEO plugin v27.5 - https:\/\/yoast.com\/product\/yoast-seo-wordpress\/ -->\n<title>Garantie - Stadtmobiliar Handels OG<\/title>\n<meta name=\"robots\" content=\"index, follow, max-snippet:-1, max-image-preview:large, max-video-preview:-1\" \/>\n<link rel=\"canonical\" href=\"https:\/\/stadtmobiliar.at\/index.php\/garantie\/\" \/>\n<meta property=\"og:locale\" content=\"de_DE\" \/>\n<meta property=\"og:type\" content=\"article\" \/>\n<meta property=\"og:title\" content=\"Garantie - Stadtmobiliar Handels OG\" \/>\n<meta property=\"og:description\" content=\"Allgemeine Garantiebedingungen Soweit nichts Anderes vertraglich festgelegt ist, gilt grunds\u00e4tzlich die Garantie von 24 Monaten. F\u00fcr die Anerkennung der Garantie, muss die empfohlene Kontrolle und Wartung durchgef\u00fchrt werden. festgestellte M\u00e4ngel sind so schnell als m\u00f6glich zu beheben. die Pflichten aus dieser Verantwortung m\u00fcssen ohne unn\u00f6tige Verz\u00f6gerung umgesetzt werden. Der Lieferant haftet nicht f\u00fcr Sch\u00e4den, die [&hellip;]\" \/>\n<meta property=\"og:url\" content=\"https:\/\/stadtmobiliar.at\/index.php\/garantie\/\" \/>\n<meta property=\"og:site_name\" content=\"Stadtmobiliar Handels OG\" \/>\n<meta property=\"article:publisher\" content=\"https:\/\/www.facebook.com\/urbaniaaustria\" \/>\n<meta property=\"article:modified_time\" content=\"2020-03-10T17:03:32+00:00\" \/>\n<meta property=\"og:image\" content=\"https:\/\/stadtmobiliar.at\/wp-content\/uploads\/2020\/02\/Logo-1000x200-1.jpg\" \/>\n\t<meta property=\"og:image:width\" content=\"1000\" \/>\n\t<meta property=\"og:image:height\" content=\"217\" \/>\n\t<meta property=\"og:image:type\" content=\"image\/jpeg\" \/>\n<meta name=\"twitter:card\" content=\"summary_large_image\" \/>\n<meta name=\"twitter:label1\" content=\"Gesch\u00e4tzte Lesezeit\" \/>\n\t<meta name=\"twitter:data1\" content=\"4\u00a0Minuten\" \/>\n<script type=\"application\/ld+json\" class=\"yoast-schema-graph\">{\"@context\":\"https:\\\/\\\/schema.org\",\"@graph\":[{\"@type\":\"WebPage\",\"@id\":\"https:\\\/\\\/stadtmobiliar.at\\\/index.php\\\/garantie\\\/\",\"url\":\"https:\\\/\\\/stadtmobiliar.at\\\/index.php\\\/garantie\\\/\",\"name\":\"Garantie - Stadtmobiliar Handels OG\",\"isPartOf\":{\"@id\":\"https:\\\/\\\/stadtmobiliar.at\\\/#website\"},\"datePublished\":\"2020-02-10T00:04:21+00:00\",\"dateModified\":\"2020-03-10T17:03:32+00:00\",\"breadcrumb\":{\"@id\":\"https:\\\/\\\/stadtmobiliar.at\\\/index.php\\\/garantie\\\/#breadcrumb\"},\"inLanguage\":\"de\",\"potentialAction\":[{\"@type\":\"ReadAction\",\"target\":[\"https:\\\/\\\/stadtmobiliar.at\\\/index.php\\\/garantie\\\/\"]}]},{\"@type\":\"BreadcrumbList\",\"@id\":\"https:\\\/\\\/stadtmobiliar.at\\\/index.php\\\/garantie\\\/#breadcrumb\",\"itemListElement\":[{\"@type\":\"ListItem\",\"position\":1,\"name\":\"Startseite\",\"item\":\"https:\\\/\\\/stadtmobiliar.at\\\/\"},{\"@type\":\"ListItem\",\"position\":2,\"name\":\"Garantie\"}]},{\"@type\":\"WebSite\",\"@id\":\"https:\\\/\\\/stadtmobiliar.at\\\/#website\",\"url\":\"https:\\\/\\\/stadtmobiliar.at\\\/\",\"name\":\"Stadtmobiliar Handels OG\",\"description\":\"M&ouml;bel f&uuml;rs Leben\",\"publisher\":{\"@id\":\"https:\\\/\\\/stadtmobiliar.at\\\/#organization\"},\"alternateName\":\"Stadtmobiliar Austria\",\"potentialAction\":[{\"@type\":\"SearchAction\",\"target\":{\"@type\":\"EntryPoint\",\"urlTemplate\":\"https:\\\/\\\/stadtmobiliar.at\\\/?s={search_term_string}\"},\"query-input\":{\"@type\":\"PropertyValueSpecification\",\"valueRequired\":true,\"valueName\":\"search_term_string\"}}],\"inLanguage\":\"de\"},{\"@type\":\"Organization\",\"@id\":\"https:\\\/\\\/stadtmobiliar.at\\\/#organization\",\"name\":\"Stadtmobiliar.at\",\"url\":\"https:\\\/\\\/stadtmobiliar.at\\\/\",\"logo\":{\"@type\":\"ImageObject\",\"inLanguage\":\"de\",\"@id\":\"https:\\\/\\\/stadtmobiliar.at\\\/#\\\/schema\\\/logo\\\/image\\\/\",\"url\":\"https:\\\/\\\/stadtmobiliar.at\\\/wp-content\\\/uploads\\\/2020\\\/02\\\/Logo-1000x200-1.jpg\",\"contentUrl\":\"https:\\\/\\\/stadtmobiliar.at\\\/wp-content\\\/uploads\\\/2020\\\/02\\\/Logo-1000x200-1.jpg\",\"width\":1000,\"height\":217,\"caption\":\"Stadtmobiliar.at\"},\"image\":{\"@id\":\"https:\\\/\\\/stadtmobiliar.at\\\/#\\\/schema\\\/logo\\\/image\\\/\"},\"sameAs\":[\"https:\\\/\\\/www.facebook.com\\\/urbaniaaustria\"]}]}<\/script>\n<!-- \/ Yoast SEO plugin. -->","yoast_head_json":{"title":"Garantie - Stadtmobiliar Handels OG","robots":{"index":"index","follow":"follow","max-snippet":"max-snippet:-1","max-image-preview":"max-image-preview:large","max-video-preview":"max-video-preview:-1"},"canonical":"https:\/\/stadtmobiliar.at\/index.php\/garantie\/","og_locale":"de_DE","og_type":"article","og_title":"Garantie - Stadtmobiliar Handels OG","og_description":"Allgemeine Garantiebedingungen Soweit nichts Anderes vertraglich festgelegt ist, gilt grunds\u00e4tzlich die Garantie von 24 Monaten. F\u00fcr die Anerkennung der Garantie, muss die empfohlene Kontrolle und Wartung durchgef\u00fchrt werden. festgestellte M\u00e4ngel sind so schnell als m\u00f6glich zu beheben. die Pflichten aus dieser Verantwortung m\u00fcssen ohne unn\u00f6tige Verz\u00f6gerung umgesetzt werden. Der Lieferant haftet nicht f\u00fcr Sch\u00e4den, die [&hellip;]","og_url":"https:\/\/stadtmobiliar.at\/index.php\/garantie\/","og_site_name":"Stadtmobiliar Handels OG","article_publisher":"https:\/\/www.facebook.com\/urbaniaaustria","article_modified_time":"2020-03-10T17:03:32+00:00","og_image":[{"width":1000,"height":217,"url":"https:\/\/stadtmobiliar.at\/wp-content\/uploads\/2020\/02\/Logo-1000x200-1.jpg","type":"image\/jpeg"}],"twitter_card":"summary_large_image","twitter_misc":{"Gesch\u00e4tzte Lesezeit":"4\u00a0Minuten"},"schema":{"@context":"https:\/\/schema.org","@graph":[{"@type":"WebPage","@id":"https:\/\/stadtmobiliar.at\/index.php\/garantie\/","url":"https:\/\/stadtmobiliar.at\/index.php\/garantie\/","name":"Garantie - Stadtmobiliar Handels OG","isPartOf":{"@id":"https:\/\/stadtmobiliar.at\/#website"},"datePublished":"2020-02-10T00:04:21+00:00","dateModified":"2020-03-10T17:03:32+00:00","breadcrumb":{"@id":"https:\/\/stadtmobiliar.at\/index.php\/garantie\/#breadcrumb"},"inLanguage":"de","potentialAction":[{"@type":"ReadAction","target":["https:\/\/stadtmobiliar.at\/index.php\/garantie\/"]}]},{"@type":"BreadcrumbList","@id":"https:\/\/stadtmobiliar.at\/index.php\/garantie\/#breadcrumb","itemListElement":[{"@type":"ListItem","position":1,"name":"Startseite","item":"https:\/\/stadtmobiliar.at\/"},{"@type":"ListItem","position":2,"name":"Garantie"}]},{"@type":"WebSite","@id":"https:\/\/stadtmobiliar.at\/#website","url":"https:\/\/stadtmobiliar.at\/","name":"Stadtmobiliar Handels OG","description":"M&ouml;bel f&uuml;rs Leben","publisher":{"@id":"https:\/\/stadtmobiliar.at\/#organization"},"alternateName":"Stadtmobiliar Austria","potentialAction":[{"@type":"SearchAction","target":{"@type":"EntryPoint","urlTemplate":"https:\/\/stadtmobiliar.at\/?s={search_term_string}"},"query-input":{"@type":"PropertyValueSpecification","valueRequired":true,"valueName":"search_term_string"}}],"inLanguage":"de"},{"@type":"Organization","@id":"https:\/\/stadtmobiliar.at\/#organization","name":"Stadtmobiliar.at","url":"https:\/\/stadtmobiliar.at\/","logo":{"@type":"ImageObject","inLanguage":"de","@id":"https:\/\/stadtmobiliar.at\/#\/schema\/logo\/image\/","url":"https:\/\/stadtmobiliar.at\/wp-content\/uploads\/2020\/02\/Logo-1000x200-1.jpg","contentUrl":"https:\/\/stadtmobiliar.at\/wp-content\/uploads\/2020\/02\/Logo-1000x200-1.jpg","width":1000,"height":217,"caption":"Stadtmobiliar.at"},"image":{"@id":"https:\/\/stadtmobiliar.at\/#\/schema\/logo\/image\/"},"sameAs":["https:\/\/www.facebook.com\/urbaniaaustria"]}]}},"_links":{"self":[{"href":"https:\/\/stadtmobiliar.at\/index.php\/wp-json\/wp\/v2\/pages\/130","targetHints":{"allow":["GET"]}}],"collection":[{"href":"https:\/\/stadtmobiliar.at\/index.php\/wp-json\/wp\/v2\/pages"}],"about":[{"href":"https:\/\/stadtmobiliar.at\/index.php\/wp-json\/wp\/v2\/types\/page"}],"author":[{"embeddable":true,"href":"https:\/\/stadtmobiliar.at\/index.php\/wp-json\/wp\/v2\/users\/1"}],"replies":[{"embeddable":true,"href":"https:\/\/stadtmobiliar.at\/index.php\/wp-json\/wp\/v2\/comments?post=130"}],"version-history":[{"count":5,"href":"https:\/\/stadtmobiliar.at\/index.php\/wp-json\/wp\/v2\/pages\/130\/revisions"}],"predecessor-version":[{"id":886,"href":"https:\/\/stadtmobiliar.at\/index.php\/wp-json\/wp\/v2\/pages\/130\/revisions\/886"}],"wp:attachment":[{"href":"https:\/\/stadtmobiliar.at\/index.php\/wp-json\/wp\/v2\/media?parent=130"}],"curies":[{"name":"wp","href":"https:\/\/api.w.org\/{rel}","templated":true}]}}