{"id":129,"date":"2020-02-10T01:04:21","date_gmt":"2020-02-10T00:04:21","guid":{"rendered":"http:\/\/www.stadtmobiliar.at\/content\/?page_id=129"},"modified":"2020-03-19T21:57:22","modified_gmt":"2020-03-19T20:57:22","slug":"datenschutzbestimmungen","status":"publish","type":"page","link":"https:\/\/stadtmobiliar.at\/index.php\/datenschutzbestimmungen\/","title":{"rendered":"Datenschutzbestimmungen"},"content":{"rendered":"\t\t<div data-elementor-type=\"wp-page\" data-elementor-id=\"129\" class=\"elementor elementor-129\">\n\t\t\t\t\t\t<section class=\"elementor-section elementor-top-section elementor-element elementor-element-7e89523 elementor-section-boxed elementor-section-height-default elementor-section-height-default\" data-id=\"7e89523\" data-element_type=\"section\" data-e-type=\"section\">\n\t\t\t\t\t\t<div class=\"elementor-container elementor-column-gap-default\">\n\t\t\t\t\t<div class=\"elementor-column elementor-col-100 elementor-top-column elementor-element elementor-element-65eb06c\" data-id=\"65eb06c\" data-element_type=\"column\" data-e-type=\"column\">\n\t\t\t<div class=\"elementor-widget-wrap elementor-element-populated\">\n\t\t\t\t\t\t<div class=\"elementor-element elementor-element-f0fa3dd elementor-widget elementor-widget-text-editor\" data-id=\"f0fa3dd\" data-element_type=\"widget\" data-e-type=\"widget\" data-widget_type=\"text-editor.default\">\n\t\t\t\t<div class=\"elementor-widget-container\">\n\t\t\t\t\t\t\t\t\t<p>Schutz Ihrer Daten liegt uns am Herzen. Um unsere Online-Inhalte zu besuchen, m\u00fcssen Sie keine Daten angeben. Wir speichern lediglich anonymisierte Zugriffsdaten ohne Personenbezug, wie z.B. Namen Ihres Internetserviceproviders, die Seite, von der aus Sie uns besuchen oder den Namen der angeforderten Datei. Zur Datenerhebung k\u00f6nnen dabei cookies eingesetzt werden, die allerdings ebenfalls die Daten ausschlie\u00dflich in anonymer oder pseudonymer Form erheben und speichern und keinen R\u00fcckschluss auf Ihre Person erlauben.<\/p><p>Personenbezogene Daten erheben wir nur, wenn Sie uns diese im Zuge des Bestellvorgangs, bei Er\u00f6ffnung eines Kundenkontos oder bei der Registrierung f\u00fcr unseren newsletter freiwillig mitteilen. Wir verwenden die erhobenen Daten ausschlie\u00dflich zur Abwicklung des Vertrages. Nach vollst\u00e4ndiger Vertragsabwicklung werden Ihre Daten gesperrt und nach Ablauf der steuer- und handelsrechtlichen Vorschriften gel\u00f6scht, sofern Sie nicht ausdr\u00fccklich einer dar\u00fcber hinausgehenden Datenverwendung zugestimmt haben. Wenn Sie sich mit Ihrer Emailadresse f\u00fcr unseren monatlichen Newsletter anmelden, nutzen wir Ihre Emailadresse f\u00fcr eigene Werbezwecke, bis Sie sich vom newsletter-Bezug abmelden.<\/p><h4>Datensicherheit<\/h4><p>Ihre personenbezogenen Daten sind bei uns sicher! Sie werden durch SSL verschl\u00fcsselt und an uns \u00fcbertragen. Unsere Webseiten sind durch technische Ma\u00dfnahmen gegen Besch\u00e4digung, Zerst\u00f6rung, unberechtigten Zugriff gesch\u00fctzt.<\/p><h4>Auskunfts- &amp; Widerrufsrecht<\/h4><p>Sie erhalten jederzeit ohne Angaben von Gr\u00fcnden kostenfrei Auskunft \u00fcber Ihre bei uns gespeicherten Daten. Sie k\u00f6nnen jederzeit Ihre bei uns erhobenen Daten sperren, berichtigen oder l\u00f6schen lassen. Sie k\u00f6nnen jederzeit die uns erteilten Einwilligung zur Datenerhebung und Verwendung ohne Angaben von Gr\u00fcnden widerrufen. Wenden Sie dazu an admin@urbania.co.at<\/p><p>(1) Zur Durchf\u00fchrung von Kaufvertr\u00e4gen (Anbahnung, Abschluss, Abwicklung, Gew\u00e4hrleistungen und R\u00fcckabwicklung), f\u00fcr unsere Servicedienste, die technische Administration, eigene Marketingzwecke und der Sicherstellung der zwischen Ihnen und uns bestehenden Korrespondenz erheben wir f\u00fcr den Bestellvorgang wie auch zur Er\u00f6ffnung eines Kundenkontos personenbezogene Daten, die im Einzelnen umfassen: Name, Kontaktdaten, Zahlungsdaten, eMail, Telefonnummer. Eine Weitergabe ihrer Daten kann grunds\u00e4tzlich an mehrere Unternehmen erfolgen, soweit dies zur Abwicklung unserer Vertragsbeziehung erforderlich ist, insbesondere in folgenden F\u00e4llen:<br \/>a) Eine Weitergabe erfolgt stets zum Zwecke der Lieferung an das von uns hierf\u00fcr beauftragte Versandunternehmen. Die Weitergabe umfasst nur solche Daten, die f\u00fcr eine Zusendung der Ware erforderlich sind.<br \/>b) Werden f\u00fcr den Zahlungsvorgang Zahlungsdienste in Anspruch genommen (bspw. Paypal, Visa, Mastercard etc.), werden Ihre Daten an die genutzten Zahlungsintermedi\u00e4re weitergegeben. Selbiges gilt mit Blick auf die mit der Zahlung beauftragten Kreditinstitute.<br \/>c) Bei Zahlungsst\u00f6rungen kann eine Forderung an ein Inkassounternehmen abgetreten werden. Au\u00dferdem k\u00f6nnen Informationen an Auskunfteien \u00fcbersandt werden. Die Weitergabe der hierzu erforderlichen personenbezogenen Daten richtet sich nach den Ausf\u00fchrungen zur BONIT\u00c4TSPR\u00dcFUNG.<\/p><p>Die weitergegebenen Daten d\u00fcrfen von den Dienstleistern ausschlie\u00dflich zum Zweck ihrer Weitergabe verwendet werden.<\/p><p>(2) Dar\u00fcber hinaus werden Ihre personenbezogenen Daten nicht an Dritte weitergeben, es sei denn, sofern wir dazu nicht gesetzlich verpflichtet sind oder Sie uns zuvor eine entsprechende Einwilligung erteilt haben.<\/p><p>(3) Personenbezogene Daten, die Sie uns zur Abwicklung von Bestellvorg\u00e4ngen mitteilen, k\u00f6nnen aus handels- und steuerrechtlichen Gr\u00fcnden bis zu 10 Jahren gespeichert werden.<\/p><p>(4) Ihre personenbezogenen Daten sind bei uns sicher! Sie werden durch SSL verschl\u00fcsselt und an uns \u00fcbertragen. Unsere Webseiten sind durch technische Ma\u00dfnahmen gegen Besch\u00e4digung, Zerst\u00f6rung, unberechtigten Zugriff gesch\u00fctzt.<\/p><p>(5) Sie erhalten jederzeit ohne Angaben von Gr\u00fcnden kostenfrei Auskunft \u00fcber Ihre bei uns gespeicherten Daten. Sie k\u00f6nnen jederzeit die uns erteilten Einwilligung zur Datenerhebung und Verwendung ohne Angaben von Gr\u00fcnden widerrufen. Wenden Sie dazu an admin@urbania.co at<br \/>(6) Ohne die Einwilligung des Kunden wird der Anbieter Daten des Kunden nicht f\u00fcr Zwecke der Werbung, Markt- oder Meinungsforschung nutzen.<\/p>\t\t\t\t\t\t\t\t<\/div>\n\t\t\t\t<\/div>\n\t\t\t\t\t<\/div>\n\t\t<\/div>\n\t\t\t\t\t<\/div>\n\t\t<\/section>\n\t\t\t\t<\/div>\n\t\t","protected":false},"excerpt":{"rendered":"<p>Schutz Ihrer Daten liegt uns am Herzen. Um unsere Online-Inhalte zu besuchen, m\u00fcssen Sie keine Daten angeben. Wir speichern lediglich anonymisierte Zugriffsdaten ohne Personenbezug, wie z.B. Namen Ihres Internetserviceproviders, die Seite, von der aus Sie uns besuchen oder den Namen der angeforderten Datei. Zur Datenerhebung k\u00f6nnen dabei cookies eingesetzt werden, die allerdings ebenfalls die Daten [&hellip;]<\/p>\n","protected":false},"author":1,"featured_media":0,"parent":0,"menu_order":0,"comment_status":"closed","ping_status":"closed","template":"","meta":{"content-type":"","footnotes":""},"class_list":["post-129","page","type-page","status-publish","hentry"],"yoast_head":"<!-- This site is optimized with the Yoast SEO plugin v27.5 - https:\/\/yoast.com\/product\/yoast-seo-wordpress\/ -->\n<title>Datenschutzbestimmungen - Stadtmobiliar Handels OG<\/title>\n<meta name=\"robots\" content=\"index, follow, max-snippet:-1, max-image-preview:large, max-video-preview:-1\" \/>\n<link rel=\"canonical\" href=\"https:\/\/stadtmobiliar.at\/index.php\/datenschutzbestimmungen\/\" \/>\n<meta property=\"og:locale\" content=\"de_DE\" \/>\n<meta property=\"og:type\" content=\"article\" \/>\n<meta property=\"og:title\" content=\"Datenschutzbestimmungen - Stadtmobiliar Handels OG\" \/>\n<meta property=\"og:description\" content=\"Schutz Ihrer Daten liegt uns am Herzen. Um unsere Online-Inhalte zu besuchen, m\u00fcssen Sie keine Daten angeben. Wir speichern lediglich anonymisierte Zugriffsdaten ohne Personenbezug, wie z.B. Namen Ihres Internetserviceproviders, die Seite, von der aus Sie uns besuchen oder den Namen der angeforderten Datei. Zur Datenerhebung k\u00f6nnen dabei cookies eingesetzt werden, die allerdings ebenfalls die Daten [&hellip;]\" \/>\n<meta property=\"og:url\" content=\"https:\/\/stadtmobiliar.at\/index.php\/datenschutzbestimmungen\/\" \/>\n<meta property=\"og:site_name\" content=\"Stadtmobiliar Handels OG\" \/>\n<meta property=\"article:publisher\" content=\"https:\/\/www.facebook.com\/urbaniaaustria\" \/>\n<meta property=\"article:modified_time\" content=\"2020-03-19T20:57:22+00:00\" \/>\n<meta property=\"og:image\" content=\"https:\/\/stadtmobiliar.at\/wp-content\/uploads\/2020\/02\/Logo-1000x200-1.jpg\" \/>\n\t<meta property=\"og:image:width\" content=\"1000\" \/>\n\t<meta property=\"og:image:height\" content=\"217\" \/>\n\t<meta property=\"og:image:type\" content=\"image\/jpeg\" \/>\n<meta name=\"twitter:card\" content=\"summary_large_image\" \/>\n<meta name=\"twitter:label1\" content=\"Gesch\u00e4tzte Lesezeit\" \/>\n\t<meta name=\"twitter:data1\" content=\"3\u00a0Minuten\" \/>\n<script type=\"application\/ld+json\" class=\"yoast-schema-graph\">{\"@context\":\"https:\\\/\\\/schema.org\",\"@graph\":[{\"@type\":\"WebPage\",\"@id\":\"https:\\\/\\\/stadtmobiliar.at\\\/index.php\\\/datenschutzbestimmungen\\\/\",\"url\":\"https:\\\/\\\/stadtmobiliar.at\\\/index.php\\\/datenschutzbestimmungen\\\/\",\"name\":\"Datenschutzbestimmungen - Stadtmobiliar Handels OG\",\"isPartOf\":{\"@id\":\"https:\\\/\\\/stadtmobiliar.at\\\/#website\"},\"datePublished\":\"2020-02-10T00:04:21+00:00\",\"dateModified\":\"2020-03-19T20:57:22+00:00\",\"breadcrumb\":{\"@id\":\"https:\\\/\\\/stadtmobiliar.at\\\/index.php\\\/datenschutzbestimmungen\\\/#breadcrumb\"},\"inLanguage\":\"de\",\"potentialAction\":[{\"@type\":\"ReadAction\",\"target\":[\"https:\\\/\\\/stadtmobiliar.at\\\/index.php\\\/datenschutzbestimmungen\\\/\"]}]},{\"@type\":\"BreadcrumbList\",\"@id\":\"https:\\\/\\\/stadtmobiliar.at\\\/index.php\\\/datenschutzbestimmungen\\\/#breadcrumb\",\"itemListElement\":[{\"@type\":\"ListItem\",\"position\":1,\"name\":\"Startseite\",\"item\":\"https:\\\/\\\/stadtmobiliar.at\\\/\"},{\"@type\":\"ListItem\",\"position\":2,\"name\":\"Datenschutzbestimmungen\"}]},{\"@type\":\"WebSite\",\"@id\":\"https:\\\/\\\/stadtmobiliar.at\\\/#website\",\"url\":\"https:\\\/\\\/stadtmobiliar.at\\\/\",\"name\":\"Stadtmobiliar Handels OG\",\"description\":\"M&ouml;bel f&uuml;rs Leben\",\"publisher\":{\"@id\":\"https:\\\/\\\/stadtmobiliar.at\\\/#organization\"},\"alternateName\":\"Stadtmobiliar Austria\",\"potentialAction\":[{\"@type\":\"SearchAction\",\"target\":{\"@type\":\"EntryPoint\",\"urlTemplate\":\"https:\\\/\\\/stadtmobiliar.at\\\/?s={search_term_string}\"},\"query-input\":{\"@type\":\"PropertyValueSpecification\",\"valueRequired\":true,\"valueName\":\"search_term_string\"}}],\"inLanguage\":\"de\"},{\"@type\":\"Organization\",\"@id\":\"https:\\\/\\\/stadtmobiliar.at\\\/#organization\",\"name\":\"Stadtmobiliar.at\",\"url\":\"https:\\\/\\\/stadtmobiliar.at\\\/\",\"logo\":{\"@type\":\"ImageObject\",\"inLanguage\":\"de\",\"@id\":\"https:\\\/\\\/stadtmobiliar.at\\\/#\\\/schema\\\/logo\\\/image\\\/\",\"url\":\"https:\\\/\\\/stadtmobiliar.at\\\/wp-content\\\/uploads\\\/2020\\\/02\\\/Logo-1000x200-1.jpg\",\"contentUrl\":\"https:\\\/\\\/stadtmobiliar.at\\\/wp-content\\\/uploads\\\/2020\\\/02\\\/Logo-1000x200-1.jpg\",\"width\":1000,\"height\":217,\"caption\":\"Stadtmobiliar.at\"},\"image\":{\"@id\":\"https:\\\/\\\/stadtmobiliar.at\\\/#\\\/schema\\\/logo\\\/image\\\/\"},\"sameAs\":[\"https:\\\/\\\/www.facebook.com\\\/urbaniaaustria\"]}]}<\/script>\n<!-- \/ Yoast SEO plugin. -->","yoast_head_json":{"title":"Datenschutzbestimmungen - Stadtmobiliar Handels OG","robots":{"index":"index","follow":"follow","max-snippet":"max-snippet:-1","max-image-preview":"max-image-preview:large","max-video-preview":"max-video-preview:-1"},"canonical":"https:\/\/stadtmobiliar.at\/index.php\/datenschutzbestimmungen\/","og_locale":"de_DE","og_type":"article","og_title":"Datenschutzbestimmungen - Stadtmobiliar Handels OG","og_description":"Schutz Ihrer Daten liegt uns am Herzen. Um unsere Online-Inhalte zu besuchen, m\u00fcssen Sie keine Daten angeben. Wir speichern lediglich anonymisierte Zugriffsdaten ohne Personenbezug, wie z.B. Namen Ihres Internetserviceproviders, die Seite, von der aus Sie uns besuchen oder den Namen der angeforderten Datei. Zur Datenerhebung k\u00f6nnen dabei cookies eingesetzt werden, die allerdings ebenfalls die Daten [&hellip;]","og_url":"https:\/\/stadtmobiliar.at\/index.php\/datenschutzbestimmungen\/","og_site_name":"Stadtmobiliar Handels OG","article_publisher":"https:\/\/www.facebook.com\/urbaniaaustria","article_modified_time":"2020-03-19T20:57:22+00:00","og_image":[{"width":1000,"height":217,"url":"https:\/\/stadtmobiliar.at\/wp-content\/uploads\/2020\/02\/Logo-1000x200-1.jpg","type":"image\/jpeg"}],"twitter_card":"summary_large_image","twitter_misc":{"Gesch\u00e4tzte Lesezeit":"3\u00a0Minuten"},"schema":{"@context":"https:\/\/schema.org","@graph":[{"@type":"WebPage","@id":"https:\/\/stadtmobiliar.at\/index.php\/datenschutzbestimmungen\/","url":"https:\/\/stadtmobiliar.at\/index.php\/datenschutzbestimmungen\/","name":"Datenschutzbestimmungen - Stadtmobiliar Handels OG","isPartOf":{"@id":"https:\/\/stadtmobiliar.at\/#website"},"datePublished":"2020-02-10T00:04:21+00:00","dateModified":"2020-03-19T20:57:22+00:00","breadcrumb":{"@id":"https:\/\/stadtmobiliar.at\/index.php\/datenschutzbestimmungen\/#breadcrumb"},"inLanguage":"de","potentialAction":[{"@type":"ReadAction","target":["https:\/\/stadtmobiliar.at\/index.php\/datenschutzbestimmungen\/"]}]},{"@type":"BreadcrumbList","@id":"https:\/\/stadtmobiliar.at\/index.php\/datenschutzbestimmungen\/#breadcrumb","itemListElement":[{"@type":"ListItem","position":1,"name":"Startseite","item":"https:\/\/stadtmobiliar.at\/"},{"@type":"ListItem","position":2,"name":"Datenschutzbestimmungen"}]},{"@type":"WebSite","@id":"https:\/\/stadtmobiliar.at\/#website","url":"https:\/\/stadtmobiliar.at\/","name":"Stadtmobiliar Handels OG","description":"M&ouml;bel f&uuml;rs Leben","publisher":{"@id":"https:\/\/stadtmobiliar.at\/#organization"},"alternateName":"Stadtmobiliar Austria","potentialAction":[{"@type":"SearchAction","target":{"@type":"EntryPoint","urlTemplate":"https:\/\/stadtmobiliar.at\/?s={search_term_string}"},"query-input":{"@type":"PropertyValueSpecification","valueRequired":true,"valueName":"search_term_string"}}],"inLanguage":"de"},{"@type":"Organization","@id":"https:\/\/stadtmobiliar.at\/#organization","name":"Stadtmobiliar.at","url":"https:\/\/stadtmobiliar.at\/","logo":{"@type":"ImageObject","inLanguage":"de","@id":"https:\/\/stadtmobiliar.at\/#\/schema\/logo\/image\/","url":"https:\/\/stadtmobiliar.at\/wp-content\/uploads\/2020\/02\/Logo-1000x200-1.jpg","contentUrl":"https:\/\/stadtmobiliar.at\/wp-content\/uploads\/2020\/02\/Logo-1000x200-1.jpg","width":1000,"height":217,"caption":"Stadtmobiliar.at"},"image":{"@id":"https:\/\/stadtmobiliar.at\/#\/schema\/logo\/image\/"},"sameAs":["https:\/\/www.facebook.com\/urbaniaaustria"]}]}},"_links":{"self":[{"href":"https:\/\/stadtmobiliar.at\/index.php\/wp-json\/wp\/v2\/pages\/129","targetHints":{"allow":["GET"]}}],"collection":[{"href":"https:\/\/stadtmobiliar.at\/index.php\/wp-json\/wp\/v2\/pages"}],"about":[{"href":"https:\/\/stadtmobiliar.at\/index.php\/wp-json\/wp\/v2\/types\/page"}],"author":[{"embeddable":true,"href":"https:\/\/stadtmobiliar.at\/index.php\/wp-json\/wp\/v2\/users\/1"}],"replies":[{"embeddable":true,"href":"https:\/\/stadtmobiliar.at\/index.php\/wp-json\/wp\/v2\/comments?post=129"}],"version-history":[{"count":5,"href":"https:\/\/stadtmobiliar.at\/index.php\/wp-json\/wp\/v2\/pages\/129\/revisions"}],"predecessor-version":[{"id":1053,"href":"https:\/\/stadtmobiliar.at\/index.php\/wp-json\/wp\/v2\/pages\/129\/revisions\/1053"}],"wp:attachment":[{"href":"https:\/\/stadtmobiliar.at\/index.php\/wp-json\/wp\/v2\/media?parent=129"}],"curies":[{"name":"wp","href":"https:\/\/api.w.org\/{rel}","templated":true}]}}