{"id":128,"date":"2020-02-10T01:04:21","date_gmt":"2020-02-10T00:04:21","guid":{"rendered":"http:\/\/www.stadtmobiliar.at\/content\/?page_id=128"},"modified":"2024-05-28T13:15:36","modified_gmt":"2024-05-28T11:15:36","slug":"agb","status":"publish","type":"page","link":"https:\/\/stadtmobiliar.at\/index.php\/agb\/","title":{"rendered":"AGB"},"content":{"rendered":"\t\t<div data-elementor-type=\"wp-page\" data-elementor-id=\"128\" class=\"elementor elementor-128\">\n\t\t\t\t\t\t<section class=\"elementor-section elementor-top-section elementor-element elementor-element-6e2fca61 elementor-section-boxed elementor-section-height-default elementor-section-height-default\" data-id=\"6e2fca61\" data-element_type=\"section\" data-e-type=\"section\">\n\t\t\t\t\t\t<div class=\"elementor-container elementor-column-gap-default\">\n\t\t\t\t\t<div class=\"elementor-column elementor-col-100 elementor-top-column elementor-element elementor-element-33f9635e\" data-id=\"33f9635e\" data-element_type=\"column\" data-e-type=\"column\">\n\t\t\t<div class=\"elementor-widget-wrap elementor-element-populated\">\n\t\t\t\t\t\t<div class=\"elementor-element elementor-element-65f1e309 elementor-widget elementor-widget-text-editor\" data-id=\"65f1e309\" data-element_type=\"widget\" data-e-type=\"widget\" data-widget_type=\"text-editor.default\">\n\t\t\t\t<div class=\"elementor-widget-container\">\n\t\t\t\t\t\t\t\t\t<h2><b>Allgemeine Gesch\u00e4ftsbedingungen (AGB)<\/b><\/h2><p><b>1. Geltungsbereich und Vertragspartner<br \/><\/b><\/p><p>Soweit nicht ausdr\u00fccklich Gegenteiliges vereinbart wurde, gelten unsere, dem Vertragspartner bekannt gegebenen AGB.<\/p><p>Unser Vertragspartner stimmt zu, dass im Falle der Verwendung von AGB durch ihn im Zweifel von unseren Bedingungen auszugehen ist, auch wenn die Bedingungen des Vertragspartners unwidersprochen bleiben.<\/p><p>Die umseitigen Vertragsbedingungen werden mit Ihrer Unterschrift Bestandteil dieses Vertrages.<span class=\"Apple-converted-space\">\u00a0<\/span><\/p><p>Betreiber und somit Vertragspartner ist:<\/p><p>Stadtmobiliar Handels OG<br \/>Brandmayergasse 33\/9<br \/>1050 Wien<\/p><p>Tel: +43 1 974 1800<\/p><p><b>2. Angebot<br \/><\/b><br \/>Unsere Angebote sind zeitlich beschr\u00e4nkt und werden individuell dem Interessenten zugesandt. Die Dauer der G\u00fcltigkeit ist auf jedem Angebot ersichtlich. Der Vertrag gilt erst mit Absendung einer schriftlichen Auftragsbest\u00e4tigung durch uns als geschlossen. Dies gilt auch f\u00fcr Auftragsbest\u00e4tigungen per E-Mail.<\/p><p><b>3. Schutz von Pl\u00e4nen und Unterlagen \/ Geheimhaltung<br \/><\/b><\/p><p>Pl\u00e4ne, Skizzen, Kostenvoranschl\u00e4ge und sonstige Unterlagen wie Prospekte, Kataloge, Muster, Pr\u00e4sentationen und \u00e4hnliches bleiben unser geistiges Eigentum. Jede Verwendung, insbesondere die Weitergabe, Vervielf\u00e4ltigung, Ver\u00f6ffentlichung und Zurverf\u00fcgungstellung einschlie\u00dflich des auch nur auszugsweisen Kopierens, bedarf unserer ausdr\u00fccklichen Zustimmung.<\/p><p>S\u00e4mtliche oben angef\u00fchrte Unterlagen k\u00f6nnen jederzeit von uns zur\u00fcckgefordert werden und sind uns jedenfalls unverz\u00fcglich unaufgefordert zur\u00fcckzustellen, wenn der Vertrag nicht zustande kommt.<\/p><p>Unser Vertragspartner verpflichtet sich im \u00dcbrigen zur Geheimhaltung des ihm aus der Gesch\u00e4ftsbeziehung zugegangenen Wissens Dritten gegen\u00fcber.<\/p><p><b>4. Preis (Kaufpreis)<\/b><\/p><p>Wird gegen unsere Rechnung binnen<span class=\"Apple-converted-space\">\u00a0 <\/span>Wochen kein begr\u00fcndeter Einspruch schriftlich erhoben, gilt sie jedenfalls als genehmigt.<span class=\"Apple-converted-space\">\u00a0<\/span><\/p><p>Wir sind ausdr\u00fccklich berechtigt, auch Teilabrechnungen vorzunehmen, sofern die Leistung in Teilen erbracht wird. Bei gr\u00f6\u00dferen Auftr\u00e4gen behalten wir uns vor eine Vorauszahlung f\u00fcr den Auftrag zu vereinbaren.<\/p><p>Alle von uns genannten Preise sind, sofern nichts anderes ausdr\u00fccklich vermerkt ist, inklusive Mehrwertsteuer zu verstehen.<\/p><p><b>5. Zahlungsbedingungen (F\u00e4lligkeit, Teilzahlung, Skonto)<\/b><\/p><p>Der K\u00e4ufer verpflichtet sich zur vollst\u00e4ndigen Bezahlung des Kaufpreises bei Vertragsabschluss, sp\u00e4testens jedoch 14 Tage nach Lieferung.<span class=\"Apple-converted-space\">\u00a0<\/span><\/p><p>Der Kaufpreis ist binnen 14 Tagen ab Lieferung zu bezahlen. Wir behalten uns vor mit dem Kunden individuelle Zahlungsmodalit\u00e4ten zu verhandeln, insb. auf die Gew\u00e4hrung von Skontoabz\u00fcgen.<span class=\"Apple-converted-space\">\u00a0<\/span><\/p><p>Die Zahlung ist nur dann als rechtzeitig erfolgt anzusehen, wenn der Betrag am F\u00e4lligkeitstag eingelangt bzw. auf unserem Konto gutgeschrieben wurde.<\/p><p>Abweichende Zahlungsmodalit\u00e4ten (Teilzahlungen, F\u00e4lligkeit ab Lieferung, etc.) werden gesondert mit dem Kunden vereinbart.<\/p><p><b>6. Verzugszinsen<\/b><\/p><p>Selbst bei unverschuldetem Zahlungsverzug des K\u00e4ufers\/Werkbestellers sind wir berechtigt, Verzugszinsen in der H\u00f6he von 10 % \u00fcber dem Basiszinssatz j\u00e4hrlich zu verrechnen; hiedurch werden Anspr\u00fcche auf Ersatz nachgewiesener h\u00f6herer Zinsen nicht beeintr\u00e4chtigt.<\/p><p><b>7. Transport &#8211; Gefahrtragung<\/b><\/p><p>Der K\u00e4ufer tr\u00e4gt die Kosten des Transportes. Die Gefahr des Transportes geht auf den K\u00e4ufer \u00fcber, sobald die Ware an ihn oder an einen von ihm bestimmten, vom Bef\u00f6rderer verschiedenen, Dritten abgeliefert wird.<\/p><p><b>8. Eigentumsvorbehalt<\/b><\/p><p>Die Ware bleibt bis zur vollst\u00e4ndigen Bezahlung des Kaufpreises und aller Kosten und Spesen unser Eigentum. Eine Weiterver\u00e4u\u00dferung ist nur zul\u00e4ssig, wenn uns diese rechtzeitig vorher unter Anf\u00fchrung des Namens bzw. der Firma und der genauen Gesch\u00e4ftsanschrift des K\u00e4ufers bekannt gegeben wurde und wir der Ver\u00e4u\u00dferung zustimmen. Im Falle unserer Zustimmung gilt die Kaufpreisforderung als an uns abgetreten und sind wir jederzeit befugt, den Drittschuldner von dieser Abtretung zu verst\u00e4ndigen. Im Falle einer Mehrzahl von Forderungen unsererseits, werden Zahlungen des Schuldners prim\u00e4r jenen unserer Forderungen zugerechnet, die nicht (mehr) durch einen Eigentumsvorbehalt oder andere Sicherungsmittel gesichert sind.<\/p><p>Im Falle des Verzuges sind wir berechtigt, unsere Rechte aus dem Eigentumsvorbehalt geltend zu machen. Es wird vereinbart, dass in der Geltendmachung des Eigentumsvorbehalts kein R\u00fccktritt vom Vertrag liegt, au\u00dfer, wir erkl\u00e4ren den R\u00fccktritt vom Vertrag ausdr\u00fccklich.<\/p><p><b>9. Erf\u00fcllungsort<\/b><\/p><p>Erf\u00fcllungsort ist sowohl f\u00fcr unsere Leistung als auch die Gegenleistung einerseits der Sitz unseres Unternehmens sowie andererseits der vereinbarte Lieferort.<\/p><p><b>10. Lieferfrist<\/b><\/p><p>Geringf\u00fcgige Lieferfrist\u00fcberschreitungen hat der K\u00e4ufer\/Werkbesteller jedenfalls zu akzeptieren, ohne dass ihm ein Schadenersatzanspruch oder ein R\u00fccktrittsrecht zusteht. Grunds\u00e4tzlich wird nach Produktionsfertigstellung die Ware sofort versandt und der Kunde dar\u00fcber verst\u00e4ndigt.<\/p><p><b>11. Stornogeb\u00fchren<\/b><\/p><p>Der K\u00e4ufer hat das Recht, gegen Bezahlung einer Aufwandsentsch\u00e4digung vom Vertrag zur\u00fcckzutreten. Die bis dahin geleistete Arbeit (Produktion der Ware, Personal- und Verwaltungsaufwand) wird dabei in Rechnung gestellt.<span class=\"Apple-converted-space\">\u00a0<\/span><\/p><p><b>12. Einseitige Leistungs\u00e4nderungen<\/b><\/p><p>Sachlich gerechtfertigte und geringf\u00fcgige \u00c4nderungen, die nicht den Preis betreffen, k\u00f6nnen unsererseits vorgenommen werden. Dies gilt insbesondere f\u00fcr derartige Lieferfrist\u00fcberschreitungen. Wir werden dann, wenn die tats\u00e4chliche Frist\u00fcberschreitung absch\u00e4tzbar ist, sp\u00e4testens jedoch eine Woche vor dem urspr\u00fcnglich vereinbarten Liefertermin, bekannt geben, wie lange mit einer Verz\u00f6gerung zu rechnen ist.<\/p><p><b>13. Gew\u00e4hrleistung<\/b><\/p><p>Abgesehen von jenen F\u00e4llen, in denen von Gesetzes wegen das Recht auf Wandlung zusteht, behalten wir uns vor, den Gew\u00e4hrleistungsanspruch nach unserer Wahl durch Verbesserung, Austausch oder Preisminderung zu erf\u00fcllen.<\/p><p>Der \u00dcbernehmer hat stets zu beweisen, dass der Mangel zum \u00dcbergabezeitpunkt bereits vorhanden war.<\/p><p>Die Ware ist nach der Ablieferung unverz\u00fcglich zu untersuchen. Dabei festgestellte M\u00e4ngel sind ebenso unverz\u00fcglich, sp\u00e4testens aber innerhalb von 3 Tagen nach Ablieferung unter Bekanntgabe von Art und Umfang des Mangels dem Verk\u00e4ufer bekannt zu geben.<span class=\"Apple-converted-space\">\u00a0<\/span><\/p><p>Verdeckte M\u00e4ngel sind unverz\u00fcglich nach ihrer Entdeckung zu r\u00fcgen. Wird eine M\u00e4ngelr\u00fcge nicht oder nicht rechtzeitig erhoben, so gilt die Ware als genehmigt. Die Geltendmachung von Gew\u00e4hrleistungs- oder Schadenersatzanspr\u00fcchen sowie das Recht auf Irrtumsanfechtung aufgrund von M\u00e4ngeln, sind in diesen F\u00e4llen ausgeschlossen.<\/p><p><b>13.1. Regressanspruch gem. \u00a7 933b ABGB<br \/><\/b><\/p><p>Der Regressanspruch gem. \u00a7 933b ABGB ist ausgeschlossen.<span class=\"Apple-converted-space\">\u00a0<\/span><\/p><p><b>14. Haftungsausschluss<\/b><\/p><p>Abgesehen von Personensch\u00e4den haften wir nur, wenn uns vom Gesch\u00e4digten grobe Fahrl\u00e4ssigkeit nachgewiesen wird.<\/p><p><b>15. Produkthaftung<\/b><\/p><p>Allf\u00e4llige Regressforderungen, die Vertragspartner oder Dritte aus dem Titel \u201eProdukthaftung\u201c iSd PHG gegen uns richten, sind ausgeschlossen, es sei denn, der Regressberechtigte weist nach, dass der Fehler in unserer Sph\u00e4re verursacht und zumindest grob fahrl\u00e4ssig verschuldet worden ist.<span class=\"Apple-converted-space\">\u00a0<\/span><\/p><p><b>16. Aufrechnung<\/b><\/p><p>Eine Aufrechnung gegen unsere Anspr\u00fcche mit Gegenforderungen, welcher Art auch immer, ist ausgeschlossen.<\/p><p><b>17. Leistungsverweigerungsverbote und Zur\u00fcckbehaltungsverbote<\/b><\/p><p>Gerechtfertigte Reklamationen berechtigen nicht zur Zur\u00fcckhaltung des gesamten, sondern lediglich eines angemessenen Teiles des Rechnungsbetrages.<\/p><p><b>18. Formvorschriften<\/b><\/p><p>S\u00e4mtliche Vereinbarungen, nachtr\u00e4gliche \u00c4nderungen, Erg\u00e4nzungen, Nebenabreden usw. bed\u00fcrfen zu ihrer G\u00fcltigkeit der Schriftform, somit auch der Originalunterschrift oder der sicheren elektronischen Signatur.<\/p><p>An uns gerichtete Erkl\u00e4rungen, Anzeigen, etc. &#8211; ausgenommen M\u00e4ngelanzeigen &#8211; bed\u00fcrfen zu ihrer Rechtswirksamkeit der Schriftform, somit auch der Originalunterschrift oder der sicheren elektronischen Signatur.<\/p><p><b>19. Rechtswahl<\/b><\/p><p>Auf diesen Vertrag ist \u00f6sterreichisches materielles Recht anzuwenden, die Anwendbarkeit des UN-Kaufrechtes wird ausgeschlossen.<\/p><p><b>20. Gerichtsstandvereinbarung<\/b><\/p><p>Zur Entscheidung aller aus diesem Vertrag entstehenden Streitigkeiten ist das am Sitz unseres Unternehmens sachlich zust\u00e4ndige Handelsgericht Wien \u00f6rtlich zust\u00e4ndig. Wir haben jedoch das Recht, auch am allgemeinen Gerichtsstand des Vertragspartners zu klagen.<\/p><p>F\u00fcr alle gegen einen Verbraucher, der im Inland seinen Wohnsitz, gew\u00f6hnlichen Aufenthalt oder Ort der Besch\u00e4ftigung hat, wegen Streitigkeiten aus diesem Vertrag erhobenen Klagen ist eines jener Gerichte zust\u00e4ndig, in dessen Sprengel der Verbraucher seinen Wohnsitz, gew\u00f6hnlichen Aufenthalt oder Ort der Besch\u00e4ftigung hat. F\u00fcr Verbraucher, die im Zeitpunkt des Vertragsabschlusses keinen Wohnsitz in \u00d6sterreich haben, gelten die gesetzlichen Gerichtsst\u00e4nde.<\/p><p><b>21. Kostenvoranschlag<\/b><\/p><p>Der Kostenvoranschlag wird nach bestem Fachwissen erstellt. Da sich jedoch Kosten\u00fcberschreitungen in der Produktion oder Rohstoffpreisen ergeben k\u00f6nnen, gelten unsere Angebote nur f\u00fcr eine bestimmte Zeit. F\u00fcr die ausgestellte Zeit sind unsere Preise garantiert. Wird die vereinbarte Angebotszeit \u00fcberschritten erlischt somit der Kostenvoranschlag. Es wird daher ein neues Angebot erstellt.<\/p><p><b>22. Elektronische Rechnungslegung<\/b><\/p><p>Unser Kunde ist damit einverstanden, dass Rechnungen an ihn auch elektronisch erstellt und \u00fcbermittelt werden.<span class=\"Apple-converted-space\">\u00a0<\/span><\/p>\t\t\t\t\t\t\t\t<\/div>\n\t\t\t\t<\/div>\n\t\t\t\t\t<\/div>\n\t\t<\/div>\n\t\t\t\t\t<\/div>\n\t\t<\/section>\n\t\t\t\t<\/div>\n\t\t","protected":false},"excerpt":{"rendered":"<p>Allgemeine Gesch\u00e4ftsbedingungen (AGB) 1. Geltungsbereich und Vertragspartner Soweit nicht ausdr\u00fccklich Gegenteiliges vereinbart wurde, gelten unsere, dem Vertragspartner bekannt gegebenen AGB. Unser Vertragspartner stimmt zu, dass im Falle der Verwendung von AGB durch ihn im Zweifel von unseren Bedingungen auszugehen ist, auch wenn die Bedingungen des Vertragspartners unwidersprochen bleiben. Die umseitigen Vertragsbedingungen werden mit Ihrer Unterschrift [&hellip;]<\/p>\n","protected":false},"author":1,"featured_media":0,"parent":0,"menu_order":0,"comment_status":"closed","ping_status":"closed","template":"","meta":{"content-type":"","footnotes":""},"class_list":["post-128","page","type-page","status-publish","hentry"],"yoast_head":"<!-- This site is optimized with the Yoast SEO plugin v27.5 - https:\/\/yoast.com\/product\/yoast-seo-wordpress\/ -->\n<title>AGB - Stadtmobiliar Handels OG - Allgemeine Gesch\u00e4ftsbedingungen<\/title>\n<meta name=\"description\" content=\"Allgemeine Gesch\u00e4ftsbedingungen Stadtmobiliar Handels OG\" \/>\n<meta name=\"robots\" content=\"index, follow, max-snippet:-1, max-image-preview:large, max-video-preview:-1\" \/>\n<link rel=\"canonical\" href=\"https:\/\/stadtmobiliar.at\/index.php\/agb\/\" \/>\n<meta property=\"og:locale\" content=\"de_DE\" \/>\n<meta property=\"og:type\" content=\"article\" \/>\n<meta property=\"og:title\" content=\"AGB - Stadtmobiliar Handels OG - Allgemeine Gesch\u00e4ftsbedingungen\" \/>\n<meta property=\"og:description\" content=\"Allgemeine Gesch\u00e4ftsbedingungen Stadtmobiliar Handels OG\" \/>\n<meta property=\"og:url\" content=\"https:\/\/stadtmobiliar.at\/index.php\/agb\/\" \/>\n<meta property=\"og:site_name\" content=\"Stadtmobiliar Handels OG\" \/>\n<meta property=\"article:publisher\" content=\"https:\/\/www.facebook.com\/urbaniaaustria\" \/>\n<meta property=\"article:modified_time\" content=\"2024-05-28T11:15:36+00:00\" \/>\n<meta property=\"og:image\" content=\"https:\/\/stadtmobiliar.at\/wp-content\/uploads\/2020\/02\/Logo-1000x200-1.jpg\" \/>\n\t<meta property=\"og:image:width\" content=\"1000\" \/>\n\t<meta property=\"og:image:height\" content=\"217\" \/>\n\t<meta property=\"og:image:type\" content=\"image\/jpeg\" \/>\n<meta name=\"twitter:card\" content=\"summary_large_image\" \/>\n<meta name=\"twitter:label1\" content=\"Gesch\u00e4tzte Lesezeit\" \/>\n\t<meta name=\"twitter:data1\" content=\"7\u00a0Minuten\" \/>\n<script type=\"application\/ld+json\" class=\"yoast-schema-graph\">{\"@context\":\"https:\\\/\\\/schema.org\",\"@graph\":[{\"@type\":\"WebPage\",\"@id\":\"https:\\\/\\\/stadtmobiliar.at\\\/index.php\\\/agb\\\/\",\"url\":\"https:\\\/\\\/stadtmobiliar.at\\\/index.php\\\/agb\\\/\",\"name\":\"AGB - Stadtmobiliar Handels OG - Allgemeine Gesch\u00e4ftsbedingungen\",\"isPartOf\":{\"@id\":\"https:\\\/\\\/stadtmobiliar.at\\\/#website\"},\"datePublished\":\"2020-02-10T00:04:21+00:00\",\"dateModified\":\"2024-05-28T11:15:36+00:00\",\"description\":\"Allgemeine Gesch\u00e4ftsbedingungen Stadtmobiliar Handels OG\",\"breadcrumb\":{\"@id\":\"https:\\\/\\\/stadtmobiliar.at\\\/index.php\\\/agb\\\/#breadcrumb\"},\"inLanguage\":\"de\",\"potentialAction\":[{\"@type\":\"ReadAction\",\"target\":[\"https:\\\/\\\/stadtmobiliar.at\\\/index.php\\\/agb\\\/\"]}]},{\"@type\":\"BreadcrumbList\",\"@id\":\"https:\\\/\\\/stadtmobiliar.at\\\/index.php\\\/agb\\\/#breadcrumb\",\"itemListElement\":[{\"@type\":\"ListItem\",\"position\":1,\"name\":\"Startseite\",\"item\":\"https:\\\/\\\/stadtmobiliar.at\\\/\"},{\"@type\":\"ListItem\",\"position\":2,\"name\":\"AGB\"}]},{\"@type\":\"WebSite\",\"@id\":\"https:\\\/\\\/stadtmobiliar.at\\\/#website\",\"url\":\"https:\\\/\\\/stadtmobiliar.at\\\/\",\"name\":\"Stadtmobiliar Handels OG\",\"description\":\"M&ouml;bel f&uuml;rs Leben\",\"publisher\":{\"@id\":\"https:\\\/\\\/stadtmobiliar.at\\\/#organization\"},\"alternateName\":\"Stadtmobiliar Austria\",\"potentialAction\":[{\"@type\":\"SearchAction\",\"target\":{\"@type\":\"EntryPoint\",\"urlTemplate\":\"https:\\\/\\\/stadtmobiliar.at\\\/?s={search_term_string}\"},\"query-input\":{\"@type\":\"PropertyValueSpecification\",\"valueRequired\":true,\"valueName\":\"search_term_string\"}}],\"inLanguage\":\"de\"},{\"@type\":\"Organization\",\"@id\":\"https:\\\/\\\/stadtmobiliar.at\\\/#organization\",\"name\":\"Stadtmobiliar.at\",\"url\":\"https:\\\/\\\/stadtmobiliar.at\\\/\",\"logo\":{\"@type\":\"ImageObject\",\"inLanguage\":\"de\",\"@id\":\"https:\\\/\\\/stadtmobiliar.at\\\/#\\\/schema\\\/logo\\\/image\\\/\",\"url\":\"https:\\\/\\\/stadtmobiliar.at\\\/wp-content\\\/uploads\\\/2020\\\/02\\\/Logo-1000x200-1.jpg\",\"contentUrl\":\"https:\\\/\\\/stadtmobiliar.at\\\/wp-content\\\/uploads\\\/2020\\\/02\\\/Logo-1000x200-1.jpg\",\"width\":1000,\"height\":217,\"caption\":\"Stadtmobiliar.at\"},\"image\":{\"@id\":\"https:\\\/\\\/stadtmobiliar.at\\\/#\\\/schema\\\/logo\\\/image\\\/\"},\"sameAs\":[\"https:\\\/\\\/www.facebook.com\\\/urbaniaaustria\"]}]}<\/script>\n<!-- \/ Yoast SEO plugin. -->","yoast_head_json":{"title":"AGB - Stadtmobiliar Handels OG - Allgemeine Gesch\u00e4ftsbedingungen","description":"Allgemeine Gesch\u00e4ftsbedingungen Stadtmobiliar Handels OG","robots":{"index":"index","follow":"follow","max-snippet":"max-snippet:-1","max-image-preview":"max-image-preview:large","max-video-preview":"max-video-preview:-1"},"canonical":"https:\/\/stadtmobiliar.at\/index.php\/agb\/","og_locale":"de_DE","og_type":"article","og_title":"AGB - Stadtmobiliar Handels OG - Allgemeine Gesch\u00e4ftsbedingungen","og_description":"Allgemeine Gesch\u00e4ftsbedingungen Stadtmobiliar Handels OG","og_url":"https:\/\/stadtmobiliar.at\/index.php\/agb\/","og_site_name":"Stadtmobiliar Handels OG","article_publisher":"https:\/\/www.facebook.com\/urbaniaaustria","article_modified_time":"2024-05-28T11:15:36+00:00","og_image":[{"width":1000,"height":217,"url":"https:\/\/stadtmobiliar.at\/wp-content\/uploads\/2020\/02\/Logo-1000x200-1.jpg","type":"image\/jpeg"}],"twitter_card":"summary_large_image","twitter_misc":{"Gesch\u00e4tzte Lesezeit":"7\u00a0Minuten"},"schema":{"@context":"https:\/\/schema.org","@graph":[{"@type":"WebPage","@id":"https:\/\/stadtmobiliar.at\/index.php\/agb\/","url":"https:\/\/stadtmobiliar.at\/index.php\/agb\/","name":"AGB - Stadtmobiliar Handels OG - Allgemeine Gesch\u00e4ftsbedingungen","isPartOf":{"@id":"https:\/\/stadtmobiliar.at\/#website"},"datePublished":"2020-02-10T00:04:21+00:00","dateModified":"2024-05-28T11:15:36+00:00","description":"Allgemeine Gesch\u00e4ftsbedingungen Stadtmobiliar Handels OG","breadcrumb":{"@id":"https:\/\/stadtmobiliar.at\/index.php\/agb\/#breadcrumb"},"inLanguage":"de","potentialAction":[{"@type":"ReadAction","target":["https:\/\/stadtmobiliar.at\/index.php\/agb\/"]}]},{"@type":"BreadcrumbList","@id":"https:\/\/stadtmobiliar.at\/index.php\/agb\/#breadcrumb","itemListElement":[{"@type":"ListItem","position":1,"name":"Startseite","item":"https:\/\/stadtmobiliar.at\/"},{"@type":"ListItem","position":2,"name":"AGB"}]},{"@type":"WebSite","@id":"https:\/\/stadtmobiliar.at\/#website","url":"https:\/\/stadtmobiliar.at\/","name":"Stadtmobiliar Handels OG","description":"M&ouml;bel f&uuml;rs Leben","publisher":{"@id":"https:\/\/stadtmobiliar.at\/#organization"},"alternateName":"Stadtmobiliar Austria","potentialAction":[{"@type":"SearchAction","target":{"@type":"EntryPoint","urlTemplate":"https:\/\/stadtmobiliar.at\/?s={search_term_string}"},"query-input":{"@type":"PropertyValueSpecification","valueRequired":true,"valueName":"search_term_string"}}],"inLanguage":"de"},{"@type":"Organization","@id":"https:\/\/stadtmobiliar.at\/#organization","name":"Stadtmobiliar.at","url":"https:\/\/stadtmobiliar.at\/","logo":{"@type":"ImageObject","inLanguage":"de","@id":"https:\/\/stadtmobiliar.at\/#\/schema\/logo\/image\/","url":"https:\/\/stadtmobiliar.at\/wp-content\/uploads\/2020\/02\/Logo-1000x200-1.jpg","contentUrl":"https:\/\/stadtmobiliar.at\/wp-content\/uploads\/2020\/02\/Logo-1000x200-1.jpg","width":1000,"height":217,"caption":"Stadtmobiliar.at"},"image":{"@id":"https:\/\/stadtmobiliar.at\/#\/schema\/logo\/image\/"},"sameAs":["https:\/\/www.facebook.com\/urbaniaaustria"]}]}},"_links":{"self":[{"href":"https:\/\/stadtmobiliar.at\/index.php\/wp-json\/wp\/v2\/pages\/128","targetHints":{"allow":["GET"]}}],"collection":[{"href":"https:\/\/stadtmobiliar.at\/index.php\/wp-json\/wp\/v2\/pages"}],"about":[{"href":"https:\/\/stadtmobiliar.at\/index.php\/wp-json\/wp\/v2\/types\/page"}],"author":[{"embeddable":true,"href":"https:\/\/stadtmobiliar.at\/index.php\/wp-json\/wp\/v2\/users\/1"}],"replies":[{"embeddable":true,"href":"https:\/\/stadtmobiliar.at\/index.php\/wp-json\/wp\/v2\/comments?post=128"}],"version-history":[{"count":6,"href":"https:\/\/stadtmobiliar.at\/index.php\/wp-json\/wp\/v2\/pages\/128\/revisions"}],"predecessor-version":[{"id":2071,"href":"https:\/\/stadtmobiliar.at\/index.php\/wp-json\/wp\/v2\/pages\/128\/revisions\/2071"}],"wp:attachment":[{"href":"https:\/\/stadtmobiliar.at\/index.php\/wp-json\/wp\/v2\/media?parent=128"}],"curies":[{"name":"wp","href":"https:\/\/api.w.org\/{rel}","templated":true}]}}