{"id":101,"date":"2020-02-10T00:39:41","date_gmt":"2020-02-09T23:39:41","guid":{"rendered":"http:\/\/www.stadtmobiliar.at\/content\/?page_id=101"},"modified":"2020-02-29T23:52:21","modified_gmt":"2020-02-29T22:52:21","slug":"holzlasuren","status":"publish","type":"page","link":"https:\/\/stadtmobiliar.at\/index.php\/holzlasuren\/","title":{"rendered":"OSMO Holzschutzlasuren"},"content":{"rendered":"\t\t<div data-elementor-type=\"wp-page\" data-elementor-id=\"101\" class=\"elementor elementor-101\">\n\t\t\t\t\t\t<section class=\"elementor-section elementor-top-section elementor-element elementor-element-6b9a908 elementor-section-boxed elementor-section-height-default elementor-section-height-default\" data-id=\"6b9a908\" data-element_type=\"section\" data-e-type=\"section\">\n\t\t\t\t\t\t<div class=\"elementor-container elementor-column-gap-default\">\n\t\t\t\t\t<div class=\"elementor-column elementor-col-100 elementor-top-column elementor-element elementor-element-d47e1b2\" data-id=\"d47e1b2\" data-element_type=\"column\" data-e-type=\"column\">\n\t\t\t<div class=\"elementor-widget-wrap elementor-element-populated\">\n\t\t\t\t\t\t<div class=\"elementor-element elementor-element-27f14a5 elementor-widget elementor-widget-spacer\" data-id=\"27f14a5\" data-element_type=\"widget\" data-e-type=\"widget\" data-widget_type=\"spacer.default\">\n\t\t\t\t<div class=\"elementor-widget-container\">\n\t\t\t\t\t\t\t<div class=\"elementor-spacer\">\n\t\t\t<div class=\"elementor-spacer-inner\"><\/div>\n\t\t<\/div>\n\t\t\t\t\t\t<\/div>\n\t\t\t\t<\/div>\n\t\t\t\t\t<\/div>\n\t\t<\/div>\n\t\t\t\t\t<\/div>\n\t\t<\/section>\n\t\t\t\t<section class=\"elementor-section elementor-top-section elementor-element elementor-element-fd4f882 elementor-section-boxed elementor-section-height-default elementor-section-height-default\" data-id=\"fd4f882\" data-element_type=\"section\" data-e-type=\"section\">\n\t\t\t\t\t\t<div class=\"elementor-container elementor-column-gap-default\">\n\t\t\t\t\t<div class=\"elementor-column elementor-col-100 elementor-top-column elementor-element elementor-element-a985063\" data-id=\"a985063\" data-element_type=\"column\" data-e-type=\"column\">\n\t\t\t<div class=\"elementor-widget-wrap elementor-element-populated\">\n\t\t\t\t\t\t<div class=\"elementor-element elementor-element-b4dc8ab elementor-widget elementor-widget-heading\" data-id=\"b4dc8ab\" data-element_type=\"widget\" data-e-type=\"widget\" data-widget_type=\"heading.default\">\n\t\t\t\t<div class=\"elementor-widget-container\">\n\t\t\t\t\t<h2 class=\"elementor-heading-title elementor-size-default\">Holz trifft Farbe<\/h2>\t\t\t\t<\/div>\n\t\t\t\t<\/div>\n\t\t\t\t<div class=\"elementor-element elementor-element-7fe7d7f elementor-widget elementor-widget-text-editor\" data-id=\"7fe7d7f\" data-element_type=\"widget\" data-e-type=\"widget\" data-widget_type=\"text-editor.default\">\n\t\t\t\t<div class=\"elementor-widget-container\">\n\t\t\t\t\t\t\t\t\t<p>F\u00fcr eine Verbindung die auf Dauer h\u00e4lt und sch\u00fctzt. Auf die Qualit\u00e4t der besonders umweltfreundlichen Farben von <a href=\"https:\/\/www.osmo.de\">OSMO<\/a> k\u00f6nnen Sie sich verlassen.\u00a0<\/p><p>Wir verwenden ausschlie\u00dflich OSMO-Holzschutzlasuren auf Holzoberfl\u00e4chen. Die Lasurschicht ist auf der Oberfl\u00e4che halbmatt und transparent, sodass sie auf jedem Holz etwas anders aussehen kann. Es kommt auf Abrieb, H\u00e4rte und Holzschattierung an.<\/p><p>Folgende OSMO-Holzschutzlasuren stehen zur Verf\u00fcgung:<\/p>\t\t\t\t\t\t\t\t<\/div>\n\t\t\t\t<\/div>\n\t\t\t\t\t<\/div>\n\t\t<\/div>\n\t\t\t\t\t<\/div>\n\t\t<\/section>\n\t\t\t\t<section class=\"elementor-section elementor-top-section elementor-element elementor-element-34b0ec6 elementor-section-boxed elementor-section-height-default elementor-section-height-default\" data-id=\"34b0ec6\" data-element_type=\"section\" data-e-type=\"section\">\n\t\t\t\t\t\t<div class=\"elementor-container elementor-column-gap-default\">\n\t\t\t\t\t<div class=\"elementor-column elementor-col-33 elementor-top-column elementor-element elementor-element-b53eb19\" data-id=\"b53eb19\" data-element_type=\"column\" data-e-type=\"column\">\n\t\t\t<div class=\"elementor-widget-wrap elementor-element-populated\">\n\t\t\t\t\t\t<div class=\"elementor-element elementor-element-ad214ce elementor-widget elementor-widget-image\" data-id=\"ad214ce\" data-element_type=\"widget\" data-e-type=\"widget\" data-widget_type=\"image.default\">\n\t\t\t\t<div class=\"elementor-widget-container\">\n\t\t\t\t\t\t\t\t\t\t\t\t<figure class=\"wp-caption\">\n\t\t\t\t\t\t\t\t\t\t<img fetchpriority=\"high\" decoding=\"async\" width=\"788\" height=\"180\" src=\"https:\/\/stadtmobiliar.at\/wp-content\/uploads\/2020\/02\/Holzart-1.jpg\" class=\"attachment-full size-full wp-image-667\" alt=\"\" srcset=\"https:\/\/stadtmobiliar.at\/wp-content\/uploads\/2020\/02\/Holzart-1.jpg 788w, https:\/\/stadtmobiliar.at\/wp-content\/uploads\/2020\/02\/Holzart-1-300x69.jpg 300w, https:\/\/stadtmobiliar.at\/wp-content\/uploads\/2020\/02\/Holzart-1-768x175.jpg 768w\" sizes=\"(max-width: 788px) 100vw, 788px\" \/>\t\t\t\t\t\t\t\t\t\t\t<figcaption class=\"widget-image-caption wp-caption-text\">Basaltgrau<\/figcaption>\n\t\t\t\t\t\t\t\t\t\t<\/figure>\n\t\t\t\t\t\t\t\t\t<\/div>\n\t\t\t\t<\/div>\n\t\t\t\t\t<\/div>\n\t\t<\/div>\n\t\t\t\t<div class=\"elementor-column elementor-col-33 elementor-top-column elementor-element elementor-element-2e539df\" data-id=\"2e539df\" data-element_type=\"column\" data-e-type=\"column\">\n\t\t\t<div class=\"elementor-widget-wrap elementor-element-populated\">\n\t\t\t\t\t\t<div class=\"elementor-element elementor-element-bc90630 elementor-widget elementor-widget-image\" data-id=\"bc90630\" data-element_type=\"widget\" data-e-type=\"widget\" data-widget_type=\"image.default\">\n\t\t\t\t<div class=\"elementor-widget-container\">\n\t\t\t\t\t\t\t\t\t\t\t\t<figure class=\"wp-caption\">\n\t\t\t\t\t\t\t\t\t\t<img decoding=\"async\" width=\"788\" height=\"180\" src=\"https:\/\/stadtmobiliar.at\/wp-content\/uploads\/2020\/02\/Holzart-2.jpg\" class=\"attachment-full size-full wp-image-668\" alt=\"\" srcset=\"https:\/\/stadtmobiliar.at\/wp-content\/uploads\/2020\/02\/Holzart-2.jpg 788w, https:\/\/stadtmobiliar.at\/wp-content\/uploads\/2020\/02\/Holzart-2-300x69.jpg 300w, https:\/\/stadtmobiliar.at\/wp-content\/uploads\/2020\/02\/Holzart-2-768x175.jpg 768w\" sizes=\"(max-width: 788px) 100vw, 788px\" \/>\t\t\t\t\t\t\t\t\t\t\t<figcaption class=\"widget-image-caption wp-caption-text\">Kiefer<\/figcaption>\n\t\t\t\t\t\t\t\t\t\t<\/figure>\n\t\t\t\t\t\t\t\t\t<\/div>\n\t\t\t\t<\/div>\n\t\t\t\t\t<\/div>\n\t\t<\/div>\n\t\t\t\t<div class=\"elementor-column elementor-col-33 elementor-top-column elementor-element elementor-element-c8a535a\" data-id=\"c8a535a\" data-element_type=\"column\" data-e-type=\"column\">\n\t\t\t<div class=\"elementor-widget-wrap elementor-element-populated\">\n\t\t\t\t\t\t<div class=\"elementor-element elementor-element-2935e41 elementor-widget elementor-widget-image\" data-id=\"2935e41\" data-element_type=\"widget\" data-e-type=\"widget\" data-widget_type=\"image.default\">\n\t\t\t\t<div class=\"elementor-widget-container\">\n\t\t\t\t\t\t\t\t\t\t\t\t<figure class=\"wp-caption\">\n\t\t\t\t\t\t\t\t\t\t<img decoding=\"async\" width=\"788\" height=\"180\" src=\"https:\/\/stadtmobiliar.at\/wp-content\/uploads\/2020\/02\/Holzart-3.jpg\" class=\"attachment-large size-large wp-image-669\" alt=\"\" srcset=\"https:\/\/stadtmobiliar.at\/wp-content\/uploads\/2020\/02\/Holzart-3.jpg 788w, https:\/\/stadtmobiliar.at\/wp-content\/uploads\/2020\/02\/Holzart-3-300x69.jpg 300w, https:\/\/stadtmobiliar.at\/wp-content\/uploads\/2020\/02\/Holzart-3-768x175.jpg 768w\" sizes=\"(max-width: 788px) 100vw, 788px\" \/>\t\t\t\t\t\t\t\t\t\t\t<figcaption class=\"widget-image-caption wp-caption-text\">Teak<\/figcaption>\n\t\t\t\t\t\t\t\t\t\t<\/figure>\n\t\t\t\t\t\t\t\t\t<\/div>\n\t\t\t\t<\/div>\n\t\t\t\t\t<\/div>\n\t\t<\/div>\n\t\t\t\t\t<\/div>\n\t\t<\/section>\n\t\t\t\t<section class=\"elementor-section elementor-top-section elementor-element elementor-element-d5c4eba elementor-section-boxed elementor-section-height-default elementor-section-height-default\" data-id=\"d5c4eba\" data-element_type=\"section\" data-e-type=\"section\">\n\t\t\t\t\t\t<div class=\"elementor-container elementor-column-gap-default\">\n\t\t\t\t\t<div class=\"elementor-column elementor-col-33 elementor-top-column elementor-element elementor-element-e9ff0bd\" data-id=\"e9ff0bd\" data-element_type=\"column\" data-e-type=\"column\">\n\t\t\t<div class=\"elementor-widget-wrap elementor-element-populated\">\n\t\t\t\t\t\t<div class=\"elementor-element elementor-element-e999686 elementor-widget elementor-widget-image\" data-id=\"e999686\" data-element_type=\"widget\" data-e-type=\"widget\" data-widget_type=\"image.default\">\n\t\t\t\t<div class=\"elementor-widget-container\">\n\t\t\t\t\t\t\t\t\t\t\t\t<figure class=\"wp-caption\">\n\t\t\t\t\t\t\t\t\t\t<img loading=\"lazy\" decoding=\"async\" width=\"788\" height=\"180\" src=\"https:\/\/stadtmobiliar.at\/wp-content\/uploads\/2020\/02\/Holzart-4.jpg\" class=\"attachment-full size-full wp-image-670\" alt=\"\" srcset=\"https:\/\/stadtmobiliar.at\/wp-content\/uploads\/2020\/02\/Holzart-4.jpg 788w, https:\/\/stadtmobiliar.at\/wp-content\/uploads\/2020\/02\/Holzart-4-300x69.jpg 300w, https:\/\/stadtmobiliar.at\/wp-content\/uploads\/2020\/02\/Holzart-4-768x175.jpg 768w\" sizes=\"(max-width: 788px) 100vw, 788px\" \/>\t\t\t\t\t\t\t\t\t\t\t<figcaption class=\"widget-image-caption wp-caption-text\">Eiche<\/figcaption>\n\t\t\t\t\t\t\t\t\t\t<\/figure>\n\t\t\t\t\t\t\t\t\t<\/div>\n\t\t\t\t<\/div>\n\t\t\t\t\t<\/div>\n\t\t<\/div>\n\t\t\t\t<div class=\"elementor-column elementor-col-33 elementor-top-column elementor-element elementor-element-debb951\" data-id=\"debb951\" data-element_type=\"column\" data-e-type=\"column\">\n\t\t\t<div class=\"elementor-widget-wrap elementor-element-populated\">\n\t\t\t\t\t\t<div class=\"elementor-element elementor-element-c807eb7 elementor-widget elementor-widget-image\" data-id=\"c807eb7\" data-element_type=\"widget\" data-e-type=\"widget\" data-widget_type=\"image.default\">\n\t\t\t\t<div class=\"elementor-widget-container\">\n\t\t\t\t\t\t\t\t\t\t\t\t<figure class=\"wp-caption\">\n\t\t\t\t\t\t\t\t\t\t<img loading=\"lazy\" decoding=\"async\" width=\"788\" height=\"180\" src=\"https:\/\/stadtmobiliar.at\/wp-content\/uploads\/2020\/02\/Holzart-5.jpg\" class=\"attachment-full size-full wp-image-671\" alt=\"\" srcset=\"https:\/\/stadtmobiliar.at\/wp-content\/uploads\/2020\/02\/Holzart-5.jpg 788w, https:\/\/stadtmobiliar.at\/wp-content\/uploads\/2020\/02\/Holzart-5-300x69.jpg 300w, https:\/\/stadtmobiliar.at\/wp-content\/uploads\/2020\/02\/Holzart-5-768x175.jpg 768w\" sizes=\"(max-width: 788px) 100vw, 788px\" \/>\t\t\t\t\t\t\t\t\t\t\t<figcaption class=\"widget-image-caption wp-caption-text\">Mahagoni<\/figcaption>\n\t\t\t\t\t\t\t\t\t\t<\/figure>\n\t\t\t\t\t\t\t\t\t<\/div>\n\t\t\t\t<\/div>\n\t\t\t\t\t<\/div>\n\t\t<\/div>\n\t\t\t\t<div class=\"elementor-column elementor-col-33 elementor-top-column elementor-element elementor-element-f293b77\" data-id=\"f293b77\" data-element_type=\"column\" data-e-type=\"column\">\n\t\t\t<div class=\"elementor-widget-wrap elementor-element-populated\">\n\t\t\t\t\t\t<div class=\"elementor-element elementor-element-3bf6ee0 elementor-widget elementor-widget-image\" data-id=\"3bf6ee0\" data-element_type=\"widget\" data-e-type=\"widget\" data-widget_type=\"image.default\">\n\t\t\t\t<div class=\"elementor-widget-container\">\n\t\t\t\t\t\t\t\t\t\t\t\t<figure class=\"wp-caption\">\n\t\t\t\t\t\t\t\t\t\t<img loading=\"lazy\" decoding=\"async\" width=\"788\" height=\"180\" src=\"https:\/\/stadtmobiliar.at\/wp-content\/uploads\/2020\/02\/Holzart-6.jpg\" class=\"attachment-large size-large wp-image-672\" alt=\"\" srcset=\"https:\/\/stadtmobiliar.at\/wp-content\/uploads\/2020\/02\/Holzart-6.jpg 788w, https:\/\/stadtmobiliar.at\/wp-content\/uploads\/2020\/02\/Holzart-6-300x69.jpg 300w, https:\/\/stadtmobiliar.at\/wp-content\/uploads\/2020\/02\/Holzart-6-768x175.jpg 768w\" sizes=\"(max-width: 788px) 100vw, 788px\" \/>\t\t\t\t\t\t\t\t\t\t\t<figcaption class=\"widget-image-caption wp-caption-text\">L\u00e4rche<\/figcaption>\n\t\t\t\t\t\t\t\t\t\t<\/figure>\n\t\t\t\t\t\t\t\t\t<\/div>\n\t\t\t\t<\/div>\n\t\t\t\t\t<\/div>\n\t\t<\/div>\n\t\t\t\t\t<\/div>\n\t\t<\/section>\n\t\t\t\t<\/div>\n\t\t","protected":false},"excerpt":{"rendered":"<p>Holz trifft Farbe F\u00fcr eine Verbindung die auf Dauer h\u00e4lt und sch\u00fctzt. Auf die Qualit\u00e4t der besonders umweltfreundlichen Farben von OSMO k\u00f6nnen Sie sich verlassen.\u00a0 Wir verwenden ausschlie\u00dflich OSMO-Holzschutzlasuren auf Holzoberfl\u00e4chen. Die Lasurschicht ist auf der Oberfl\u00e4che halbmatt und transparent, sodass sie auf jedem Holz etwas anders aussehen kann. Es kommt auf Abrieb, H\u00e4rte und [&hellip;]<\/p>\n","protected":false},"author":1,"featured_media":0,"parent":0,"menu_order":0,"comment_status":"closed","ping_status":"closed","template":"","meta":{"content-type":"","footnotes":""},"class_list":["post-101","page","type-page","status-publish","hentry"],"yoast_head":"<!-- This site is optimized with the Yoast SEO plugin v27.5 - https:\/\/yoast.com\/product\/yoast-seo-wordpress\/ -->\n<title>OSMO Holzschutzlasuren - Stadtmobiliar Handels OG<\/title>\n<meta name=\"robots\" content=\"index, follow, max-snippet:-1, max-image-preview:large, max-video-preview:-1\" \/>\n<link rel=\"canonical\" href=\"https:\/\/stadtmobiliar.at\/index.php\/holzlasuren\/\" \/>\n<meta property=\"og:locale\" content=\"de_DE\" \/>\n<meta property=\"og:type\" content=\"article\" \/>\n<meta property=\"og:title\" content=\"OSMO Holzschutzlasuren - Stadtmobiliar Handels OG\" \/>\n<meta property=\"og:description\" content=\"Holz trifft Farbe F\u00fcr eine Verbindung die auf Dauer h\u00e4lt und sch\u00fctzt. Auf die Qualit\u00e4t der besonders umweltfreundlichen Farben von OSMO k\u00f6nnen Sie sich verlassen.\u00a0 Wir verwenden ausschlie\u00dflich OSMO-Holzschutzlasuren auf Holzoberfl\u00e4chen. Die Lasurschicht ist auf der Oberfl\u00e4che halbmatt und transparent, sodass sie auf jedem Holz etwas anders aussehen kann. Es kommt auf Abrieb, H\u00e4rte und [&hellip;]\" \/>\n<meta property=\"og:url\" content=\"https:\/\/stadtmobiliar.at\/index.php\/holzlasuren\/\" \/>\n<meta property=\"og:site_name\" content=\"Stadtmobiliar Handels OG\" \/>\n<meta property=\"article:publisher\" content=\"https:\/\/www.facebook.com\/urbaniaaustria\" \/>\n<meta property=\"article:modified_time\" content=\"2020-02-29T22:52:21+00:00\" \/>\n<meta property=\"og:image\" content=\"http:\/\/www.stadtmobiliar.at\/content\/wp-content\/uploads\/2020\/02\/Holzart-1.jpg\" \/>\n<meta name=\"twitter:card\" content=\"summary_large_image\" \/>\n<script type=\"application\/ld+json\" class=\"yoast-schema-graph\">{\"@context\":\"https:\\\/\\\/schema.org\",\"@graph\":[{\"@type\":\"WebPage\",\"@id\":\"https:\\\/\\\/stadtmobiliar.at\\\/index.php\\\/holzlasuren\\\/\",\"url\":\"https:\\\/\\\/stadtmobiliar.at\\\/index.php\\\/holzlasuren\\\/\",\"name\":\"OSMO Holzschutzlasuren - Stadtmobiliar Handels OG\",\"isPartOf\":{\"@id\":\"https:\\\/\\\/stadtmobiliar.at\\\/#website\"},\"primaryImageOfPage\":{\"@id\":\"https:\\\/\\\/stadtmobiliar.at\\\/index.php\\\/holzlasuren\\\/#primaryimage\"},\"image\":{\"@id\":\"https:\\\/\\\/stadtmobiliar.at\\\/index.php\\\/holzlasuren\\\/#primaryimage\"},\"thumbnailUrl\":\"http:\\\/\\\/www.stadtmobiliar.at\\\/content\\\/wp-content\\\/uploads\\\/2020\\\/02\\\/Holzart-1.jpg\",\"datePublished\":\"2020-02-09T23:39:41+00:00\",\"dateModified\":\"2020-02-29T22:52:21+00:00\",\"breadcrumb\":{\"@id\":\"https:\\\/\\\/stadtmobiliar.at\\\/index.php\\\/holzlasuren\\\/#breadcrumb\"},\"inLanguage\":\"de\",\"potentialAction\":[{\"@type\":\"ReadAction\",\"target\":[\"https:\\\/\\\/stadtmobiliar.at\\\/index.php\\\/holzlasuren\\\/\"]}]},{\"@type\":\"ImageObject\",\"inLanguage\":\"de\",\"@id\":\"https:\\\/\\\/stadtmobiliar.at\\\/index.php\\\/holzlasuren\\\/#primaryimage\",\"url\":\"http:\\\/\\\/www.stadtmobiliar.at\\\/content\\\/wp-content\\\/uploads\\\/2020\\\/02\\\/Holzart-1.jpg\",\"contentUrl\":\"http:\\\/\\\/www.stadtmobiliar.at\\\/content\\\/wp-content\\\/uploads\\\/2020\\\/02\\\/Holzart-1.jpg\"},{\"@type\":\"BreadcrumbList\",\"@id\":\"https:\\\/\\\/stadtmobiliar.at\\\/index.php\\\/holzlasuren\\\/#breadcrumb\",\"itemListElement\":[{\"@type\":\"ListItem\",\"position\":1,\"name\":\"Startseite\",\"item\":\"https:\\\/\\\/stadtmobiliar.at\\\/\"},{\"@type\":\"ListItem\",\"position\":2,\"name\":\"OSMO Holzschutzlasuren\"}]},{\"@type\":\"WebSite\",\"@id\":\"https:\\\/\\\/stadtmobiliar.at\\\/#website\",\"url\":\"https:\\\/\\\/stadtmobiliar.at\\\/\",\"name\":\"Stadtmobiliar Handels OG\",\"description\":\"M&ouml;bel f&uuml;rs Leben\",\"publisher\":{\"@id\":\"https:\\\/\\\/stadtmobiliar.at\\\/#organization\"},\"alternateName\":\"Stadtmobiliar Austria\",\"potentialAction\":[{\"@type\":\"SearchAction\",\"target\":{\"@type\":\"EntryPoint\",\"urlTemplate\":\"https:\\\/\\\/stadtmobiliar.at\\\/?s={search_term_string}\"},\"query-input\":{\"@type\":\"PropertyValueSpecification\",\"valueRequired\":true,\"valueName\":\"search_term_string\"}}],\"inLanguage\":\"de\"},{\"@type\":\"Organization\",\"@id\":\"https:\\\/\\\/stadtmobiliar.at\\\/#organization\",\"name\":\"Stadtmobiliar.at\",\"url\":\"https:\\\/\\\/stadtmobiliar.at\\\/\",\"logo\":{\"@type\":\"ImageObject\",\"inLanguage\":\"de\",\"@id\":\"https:\\\/\\\/stadtmobiliar.at\\\/#\\\/schema\\\/logo\\\/image\\\/\",\"url\":\"https:\\\/\\\/stadtmobiliar.at\\\/wp-content\\\/uploads\\\/2020\\\/02\\\/Logo-1000x200-1.jpg\",\"contentUrl\":\"https:\\\/\\\/stadtmobiliar.at\\\/wp-content\\\/uploads\\\/2020\\\/02\\\/Logo-1000x200-1.jpg\",\"width\":1000,\"height\":217,\"caption\":\"Stadtmobiliar.at\"},\"image\":{\"@id\":\"https:\\\/\\\/stadtmobiliar.at\\\/#\\\/schema\\\/logo\\\/image\\\/\"},\"sameAs\":[\"https:\\\/\\\/www.facebook.com\\\/urbaniaaustria\"]}]}<\/script>\n<!-- \/ Yoast SEO plugin. -->","yoast_head_json":{"title":"OSMO Holzschutzlasuren - Stadtmobiliar Handels OG","robots":{"index":"index","follow":"follow","max-snippet":"max-snippet:-1","max-image-preview":"max-image-preview:large","max-video-preview":"max-video-preview:-1"},"canonical":"https:\/\/stadtmobiliar.at\/index.php\/holzlasuren\/","og_locale":"de_DE","og_type":"article","og_title":"OSMO Holzschutzlasuren - Stadtmobiliar Handels OG","og_description":"Holz trifft Farbe F\u00fcr eine Verbindung die auf Dauer h\u00e4lt und sch\u00fctzt. Auf die Qualit\u00e4t der besonders umweltfreundlichen Farben von OSMO k\u00f6nnen Sie sich verlassen.\u00a0 Wir verwenden ausschlie\u00dflich OSMO-Holzschutzlasuren auf Holzoberfl\u00e4chen. Die Lasurschicht ist auf der Oberfl\u00e4che halbmatt und transparent, sodass sie auf jedem Holz etwas anders aussehen kann. Es kommt auf Abrieb, H\u00e4rte und [&hellip;]","og_url":"https:\/\/stadtmobiliar.at\/index.php\/holzlasuren\/","og_site_name":"Stadtmobiliar Handels OG","article_publisher":"https:\/\/www.facebook.com\/urbaniaaustria","article_modified_time":"2020-02-29T22:52:21+00:00","og_image":[{"url":"http:\/\/www.stadtmobiliar.at\/content\/wp-content\/uploads\/2020\/02\/Holzart-1.jpg","type":"","width":"","height":""}],"twitter_card":"summary_large_image","schema":{"@context":"https:\/\/schema.org","@graph":[{"@type":"WebPage","@id":"https:\/\/stadtmobiliar.at\/index.php\/holzlasuren\/","url":"https:\/\/stadtmobiliar.at\/index.php\/holzlasuren\/","name":"OSMO Holzschutzlasuren - Stadtmobiliar Handels OG","isPartOf":{"@id":"https:\/\/stadtmobiliar.at\/#website"},"primaryImageOfPage":{"@id":"https:\/\/stadtmobiliar.at\/index.php\/holzlasuren\/#primaryimage"},"image":{"@id":"https:\/\/stadtmobiliar.at\/index.php\/holzlasuren\/#primaryimage"},"thumbnailUrl":"http:\/\/www.stadtmobiliar.at\/content\/wp-content\/uploads\/2020\/02\/Holzart-1.jpg","datePublished":"2020-02-09T23:39:41+00:00","dateModified":"2020-02-29T22:52:21+00:00","breadcrumb":{"@id":"https:\/\/stadtmobiliar.at\/index.php\/holzlasuren\/#breadcrumb"},"inLanguage":"de","potentialAction":[{"@type":"ReadAction","target":["https:\/\/stadtmobiliar.at\/index.php\/holzlasuren\/"]}]},{"@type":"ImageObject","inLanguage":"de","@id":"https:\/\/stadtmobiliar.at\/index.php\/holzlasuren\/#primaryimage","url":"http:\/\/www.stadtmobiliar.at\/content\/wp-content\/uploads\/2020\/02\/Holzart-1.jpg","contentUrl":"http:\/\/www.stadtmobiliar.at\/content\/wp-content\/uploads\/2020\/02\/Holzart-1.jpg"},{"@type":"BreadcrumbList","@id":"https:\/\/stadtmobiliar.at\/index.php\/holzlasuren\/#breadcrumb","itemListElement":[{"@type":"ListItem","position":1,"name":"Startseite","item":"https:\/\/stadtmobiliar.at\/"},{"@type":"ListItem","position":2,"name":"OSMO Holzschutzlasuren"}]},{"@type":"WebSite","@id":"https:\/\/stadtmobiliar.at\/#website","url":"https:\/\/stadtmobiliar.at\/","name":"Stadtmobiliar Handels OG","description":"M&ouml;bel f&uuml;rs Leben","publisher":{"@id":"https:\/\/stadtmobiliar.at\/#organization"},"alternateName":"Stadtmobiliar Austria","potentialAction":[{"@type":"SearchAction","target":{"@type":"EntryPoint","urlTemplate":"https:\/\/stadtmobiliar.at\/?s={search_term_string}"},"query-input":{"@type":"PropertyValueSpecification","valueRequired":true,"valueName":"search_term_string"}}],"inLanguage":"de"},{"@type":"Organization","@id":"https:\/\/stadtmobiliar.at\/#organization","name":"Stadtmobiliar.at","url":"https:\/\/stadtmobiliar.at\/","logo":{"@type":"ImageObject","inLanguage":"de","@id":"https:\/\/stadtmobiliar.at\/#\/schema\/logo\/image\/","url":"https:\/\/stadtmobiliar.at\/wp-content\/uploads\/2020\/02\/Logo-1000x200-1.jpg","contentUrl":"https:\/\/stadtmobiliar.at\/wp-content\/uploads\/2020\/02\/Logo-1000x200-1.jpg","width":1000,"height":217,"caption":"Stadtmobiliar.at"},"image":{"@id":"https:\/\/stadtmobiliar.at\/#\/schema\/logo\/image\/"},"sameAs":["https:\/\/www.facebook.com\/urbaniaaustria"]}]}},"_links":{"self":[{"href":"https:\/\/stadtmobiliar.at\/index.php\/wp-json\/wp\/v2\/pages\/101","targetHints":{"allow":["GET"]}}],"collection":[{"href":"https:\/\/stadtmobiliar.at\/index.php\/wp-json\/wp\/v2\/pages"}],"about":[{"href":"https:\/\/stadtmobiliar.at\/index.php\/wp-json\/wp\/v2\/types\/page"}],"author":[{"embeddable":true,"href":"https:\/\/stadtmobiliar.at\/index.php\/wp-json\/wp\/v2\/users\/1"}],"replies":[{"embeddable":true,"href":"https:\/\/stadtmobiliar.at\/index.php\/wp-json\/wp\/v2\/comments?post=101"}],"version-history":[{"count":16,"href":"https:\/\/stadtmobiliar.at\/index.php\/wp-json\/wp\/v2\/pages\/101\/revisions"}],"predecessor-version":[{"id":781,"href":"https:\/\/stadtmobiliar.at\/index.php\/wp-json\/wp\/v2\/pages\/101\/revisions\/781"}],"wp:attachment":[{"href":"https:\/\/stadtmobiliar.at\/index.php\/wp-json\/wp\/v2\/media?parent=101"}],"curies":[{"name":"wp","href":"https:\/\/api.w.org\/{rel}","templated":true}]}}