{"id":100,"date":"2020-02-10T00:39:41","date_gmt":"2020-02-09T23:39:41","guid":{"rendered":"http:\/\/www.stadtmobiliar.at\/content\/?page_id=100"},"modified":"2022-04-09T23:51:50","modified_gmt":"2022-04-09T21:51:50","slug":"ral-muster","status":"publish","type":"page","link":"https:\/\/stadtmobiliar.at\/index.php\/ral-muster\/","title":{"rendered":"RAL Muster"},"content":{"rendered":"\t\t<div data-elementor-type=\"wp-page\" data-elementor-id=\"100\" class=\"elementor elementor-100\">\n\t\t\t\t\t\t<section class=\"elementor-section elementor-top-section elementor-element elementor-element-7c735d6 elementor-section-boxed elementor-section-height-default elementor-section-height-default\" data-id=\"7c735d6\" data-element_type=\"section\" data-e-type=\"section\">\n\t\t\t\t\t\t<div class=\"elementor-container elementor-column-gap-default\">\n\t\t\t\t\t<div class=\"elementor-column elementor-col-100 elementor-top-column elementor-element elementor-element-65769ef\" data-id=\"65769ef\" data-element_type=\"column\" data-e-type=\"column\">\n\t\t\t<div class=\"elementor-widget-wrap elementor-element-populated\">\n\t\t\t\t\t\t<div class=\"elementor-element elementor-element-6384e1e elementor-widget elementor-widget-spacer\" data-id=\"6384e1e\" data-element_type=\"widget\" data-e-type=\"widget\" data-widget_type=\"spacer.default\">\n\t\t\t\t<div class=\"elementor-widget-container\">\n\t\t\t\t\t\t\t<div class=\"elementor-spacer\">\n\t\t\t<div class=\"elementor-spacer-inner\"><\/div>\n\t\t<\/div>\n\t\t\t\t\t\t<\/div>\n\t\t\t\t<\/div>\n\t\t\t\t\t<\/div>\n\t\t<\/div>\n\t\t\t\t\t<\/div>\n\t\t<\/section>\n\t\t\t\t<section class=\"elementor-section elementor-top-section elementor-element elementor-element-40e03f6 elementor-section-boxed elementor-section-height-default elementor-section-height-default\" data-id=\"40e03f6\" data-element_type=\"section\" data-e-type=\"section\">\n\t\t\t\t\t\t<div class=\"elementor-container elementor-column-gap-default\">\n\t\t\t\t\t<div class=\"elementor-column elementor-col-100 elementor-top-column elementor-element elementor-element-7642ce2\" data-id=\"7642ce2\" data-element_type=\"column\" data-e-type=\"column\">\n\t\t\t<div class=\"elementor-widget-wrap elementor-element-populated\">\n\t\t\t\t\t\t<div class=\"elementor-element elementor-element-2d0af3b elementor-widget elementor-widget-text-editor\" data-id=\"2d0af3b\" data-element_type=\"widget\" data-e-type=\"widget\" data-widget_type=\"text-editor.default\">\n\t\t\t\t<div class=\"elementor-widget-container\">\n\t\t\t\t\t\t\t\t\t<p><span style=\"caret-color: #222222; color: #222222; font-size: large;\">Die Nachstehend finden Sie unsere Standard-RAL Farben. Die Farben, die wir standardm\u00e4\u00dfig und ohne zus\u00e4tzliche Kosten f\u00fcr unsere Produkte verwenden.\u00a0<\/span><\/p>\t\t\t\t\t\t\t\t<\/div>\n\t\t\t\t<\/div>\n\t\t\t\t\t<\/div>\n\t\t<\/div>\n\t\t\t\t\t<\/div>\n\t\t<\/section>\n\t\t\t\t<section class=\"elementor-section elementor-top-section elementor-element elementor-element-f0fd3c8 elementor-section-boxed elementor-section-height-default elementor-section-height-default\" data-id=\"f0fd3c8\" data-element_type=\"section\" data-e-type=\"section\">\n\t\t\t\t\t\t<div class=\"elementor-container elementor-column-gap-default\">\n\t\t\t\t\t<div class=\"elementor-column elementor-col-100 elementor-top-column elementor-element elementor-element-2ecb1c4\" data-id=\"2ecb1c4\" data-element_type=\"column\" data-e-type=\"column\">\n\t\t\t<div class=\"elementor-widget-wrap elementor-element-populated\">\n\t\t\t\t\t\t<div class=\"elementor-element elementor-element-8060866 elementor-widget elementor-widget-image\" data-id=\"8060866\" data-element_type=\"widget\" data-e-type=\"widget\" data-widget_type=\"image.default\">\n\t\t\t\t<div class=\"elementor-widget-container\">\n\t\t\t\t\t\t\t\t\t\t\t\t\t\t\t<img fetchpriority=\"high\" decoding=\"async\" width=\"810\" height=\"135\" src=\"https:\/\/stadtmobiliar.at\/wp-content\/uploads\/2020\/02\/RAL-Standard-1024x171.jpg\" class=\"attachment-large size-large wp-image-662\" alt=\"\" srcset=\"https:\/\/stadtmobiliar.at\/wp-content\/uploads\/2020\/02\/RAL-Standard-1024x171.jpg 1024w, https:\/\/stadtmobiliar.at\/wp-content\/uploads\/2020\/02\/RAL-Standard-300x50.jpg 300w, https:\/\/stadtmobiliar.at\/wp-content\/uploads\/2020\/02\/RAL-Standard-768x129.jpg 768w, https:\/\/stadtmobiliar.at\/wp-content\/uploads\/2020\/02\/RAL-Standard-1536x257.jpg 1536w, https:\/\/stadtmobiliar.at\/wp-content\/uploads\/2020\/02\/RAL-Standard.jpg 1917w\" sizes=\"(max-width: 810px) 100vw, 810px\" \/>\t\t\t\t\t\t\t\t\t\t\t\t\t\t\t<\/div>\n\t\t\t\t<\/div>\n\t\t\t\t\t<\/div>\n\t\t<\/div>\n\t\t\t\t\t<\/div>\n\t\t<\/section>\n\t\t\t\t<section class=\"elementor-section elementor-top-section elementor-element elementor-element-82d09d9 elementor-section-boxed elementor-section-height-default elementor-section-height-default\" data-id=\"82d09d9\" data-element_type=\"section\" data-e-type=\"section\">\n\t\t\t\t\t\t<div class=\"elementor-container elementor-column-gap-default\">\n\t\t\t\t\t<div class=\"elementor-column elementor-col-100 elementor-top-column elementor-element elementor-element-ae6086f\" data-id=\"ae6086f\" data-element_type=\"column\" data-e-type=\"column\">\n\t\t\t<div class=\"elementor-widget-wrap elementor-element-populated\">\n\t\t\t\t\t\t<div class=\"elementor-element elementor-element-93b34ed elementor-widget elementor-widget-spacer\" data-id=\"93b34ed\" data-element_type=\"widget\" data-e-type=\"widget\" data-widget_type=\"spacer.default\">\n\t\t\t\t<div class=\"elementor-widget-container\">\n\t\t\t\t\t\t\t<div class=\"elementor-spacer\">\n\t\t\t<div class=\"elementor-spacer-inner\"><\/div>\n\t\t<\/div>\n\t\t\t\t\t\t<\/div>\n\t\t\t\t<\/div>\n\t\t\t\t\t<\/div>\n\t\t<\/div>\n\t\t\t\t\t<\/div>\n\t\t<\/section>\n\t\t\t\t<section class=\"elementor-section elementor-top-section elementor-element elementor-element-39704cd elementor-section-boxed elementor-section-height-default elementor-section-height-default\" data-id=\"39704cd\" data-element_type=\"section\" data-e-type=\"section\">\n\t\t\t\t\t\t<div class=\"elementor-container elementor-column-gap-default\">\n\t\t\t\t\t<div class=\"elementor-column elementor-col-100 elementor-top-column elementor-element elementor-element-59c382b\" data-id=\"59c382b\" data-element_type=\"column\" data-e-type=\"column\">\n\t\t\t<div class=\"elementor-widget-wrap elementor-element-populated\">\n\t\t\t\t\t\t<div class=\"elementor-element elementor-element-a080f36 elementor-widget elementor-widget-text-editor\" data-id=\"a080f36\" data-element_type=\"widget\" data-e-type=\"widget\" data-widget_type=\"text-editor.default\">\n\t\t\t\t<div class=\"elementor-widget-container\">\n\t\t\t\t\t\t\t\t\t<p lang=\"de-DE\"><span lang=\"de-DE\"><span style=\"color: #222222; font-family: inherit; font-size: large;\">Wenn Sie eine andere Farbe w\u00e4hlen m\u00f6chten, k\u00f6nnen Sie aus der vollst\u00e4ndigen RAL-Farbkarte ausw\u00e4hlen. Farben, die nicht in unserer Standard-RAL-Farbkarte enthalten sind, k\u00f6nnen gegen einen geringf\u00fcgigen\u00a0<\/span><span style=\"color: #222222; font-size: large;\"><span style=\"caret-color: #222222;\">Aufpreis<\/span><\/span><span style=\"color: #222222; font-family: inherit; font-size: large;\">\u00a0bestellt werden.<\/span><\/span><\/p>\t\t\t\t\t\t\t\t<\/div>\n\t\t\t\t<\/div>\n\t\t\t\t\t<\/div>\n\t\t<\/div>\n\t\t\t\t\t<\/div>\n\t\t<\/section>\n\t\t\t\t<section class=\"elementor-section elementor-top-section elementor-element elementor-element-ba85d81 elementor-section-boxed elementor-section-height-default elementor-section-height-default\" data-id=\"ba85d81\" data-element_type=\"section\" data-e-type=\"section\">\n\t\t\t\t\t\t<div class=\"elementor-container elementor-column-gap-default\">\n\t\t\t\t\t<div class=\"elementor-column elementor-col-100 elementor-top-column elementor-element elementor-element-3a223b1\" data-id=\"3a223b1\" data-element_type=\"column\" data-e-type=\"column\">\n\t\t\t<div class=\"elementor-widget-wrap elementor-element-populated\">\n\t\t\t\t\t\t<div class=\"elementor-element elementor-element-e985ed8 elementor-widget elementor-widget-image\" data-id=\"e985ed8\" data-element_type=\"widget\" data-e-type=\"widget\" data-widget_type=\"image.default\">\n\t\t\t\t<div class=\"elementor-widget-container\">\n\t\t\t\t\t\t\t\t\t\t\t\t\t\t\t<img decoding=\"async\" width=\"810\" height=\"475\" src=\"https:\/\/stadtmobiliar.at\/wp-content\/uploads\/2020\/02\/ral-farben-1024x600.jpg\" class=\"attachment-large size-large wp-image-658\" alt=\"\" srcset=\"https:\/\/stadtmobiliar.at\/wp-content\/uploads\/2020\/02\/ral-farben-1024x600.jpg 1024w, https:\/\/stadtmobiliar.at\/wp-content\/uploads\/2020\/02\/ral-farben-300x176.jpg 300w, https:\/\/stadtmobiliar.at\/wp-content\/uploads\/2020\/02\/ral-farben-768x450.jpg 768w, https:\/\/stadtmobiliar.at\/wp-content\/uploads\/2020\/02\/ral-farben-1536x901.jpg 1536w, https:\/\/stadtmobiliar.at\/wp-content\/uploads\/2020\/02\/ral-farben.jpg 1680w\" sizes=\"(max-width: 810px) 100vw, 810px\" \/>\t\t\t\t\t\t\t\t\t\t\t\t\t\t\t<\/div>\n\t\t\t\t<\/div>\n\t\t\t\t\t<\/div>\n\t\t<\/div>\n\t\t\t\t\t<\/div>\n\t\t<\/section>\n\t\t\t\t<\/div>\n\t\t","protected":false},"excerpt":{"rendered":"<p>Die Nachstehend finden Sie unsere Standard-RAL Farben. Die Farben, die wir standardm\u00e4\u00dfig und ohne zus\u00e4tzliche Kosten f\u00fcr unsere Produkte verwenden.\u00a0 Wenn Sie eine andere Farbe w\u00e4hlen m\u00f6chten, k\u00f6nnen Sie aus der vollst\u00e4ndigen RAL-Farbkarte ausw\u00e4hlen. Farben, die nicht in unserer Standard-RAL-Farbkarte enthalten sind, k\u00f6nnen gegen einen geringf\u00fcgigen\u00a0Aufpreis\u00a0bestellt werden.<\/p>\n","protected":false},"author":1,"featured_media":0,"parent":0,"menu_order":0,"comment_status":"closed","ping_status":"closed","template":"","meta":{"content-type":"","footnotes":""},"class_list":["post-100","page","type-page","status-publish","hentry"],"yoast_head":"<!-- This site is optimized with the Yoast SEO plugin v27.5 - https:\/\/yoast.com\/product\/yoast-seo-wordpress\/ -->\n<title>RAL Muster - Stadtmobiliar Handels OG<\/title>\n<meta name=\"robots\" content=\"index, follow, max-snippet:-1, max-image-preview:large, max-video-preview:-1\" \/>\n<link rel=\"canonical\" href=\"https:\/\/stadtmobiliar.at\/index.php\/ral-muster\/\" \/>\n<meta property=\"og:locale\" content=\"de_DE\" \/>\n<meta property=\"og:type\" content=\"article\" \/>\n<meta property=\"og:title\" content=\"RAL Muster - Stadtmobiliar Handels OG\" \/>\n<meta property=\"og:description\" content=\"Die Nachstehend finden Sie unsere Standard-RAL Farben. Die Farben, die wir standardm\u00e4\u00dfig und ohne zus\u00e4tzliche Kosten f\u00fcr unsere Produkte verwenden.\u00a0 Wenn Sie eine andere Farbe w\u00e4hlen m\u00f6chten, k\u00f6nnen Sie aus der vollst\u00e4ndigen RAL-Farbkarte ausw\u00e4hlen. Farben, die nicht in unserer Standard-RAL-Farbkarte enthalten sind, k\u00f6nnen gegen einen geringf\u00fcgigen\u00a0Aufpreis\u00a0bestellt werden.\" \/>\n<meta property=\"og:url\" content=\"https:\/\/stadtmobiliar.at\/index.php\/ral-muster\/\" \/>\n<meta property=\"og:site_name\" content=\"Stadtmobiliar Handels OG\" \/>\n<meta property=\"article:publisher\" content=\"https:\/\/www.facebook.com\/urbaniaaustria\" \/>\n<meta property=\"article:modified_time\" content=\"2022-04-09T21:51:50+00:00\" \/>\n<meta property=\"og:image\" content=\"http:\/\/www.stadtmobiliar.at\/content\/wp-content\/uploads\/2020\/02\/RAL-Standard-1024x171.jpg\" \/>\n<meta name=\"twitter:card\" content=\"summary_large_image\" \/>\n<script type=\"application\/ld+json\" class=\"yoast-schema-graph\">{\"@context\":\"https:\\\/\\\/schema.org\",\"@graph\":[{\"@type\":\"WebPage\",\"@id\":\"https:\\\/\\\/stadtmobiliar.at\\\/index.php\\\/ral-muster\\\/\",\"url\":\"https:\\\/\\\/stadtmobiliar.at\\\/index.php\\\/ral-muster\\\/\",\"name\":\"RAL Muster - Stadtmobiliar Handels OG\",\"isPartOf\":{\"@id\":\"https:\\\/\\\/stadtmobiliar.at\\\/#website\"},\"primaryImageOfPage\":{\"@id\":\"https:\\\/\\\/stadtmobiliar.at\\\/index.php\\\/ral-muster\\\/#primaryimage\"},\"image\":{\"@id\":\"https:\\\/\\\/stadtmobiliar.at\\\/index.php\\\/ral-muster\\\/#primaryimage\"},\"thumbnailUrl\":\"http:\\\/\\\/www.stadtmobiliar.at\\\/content\\\/wp-content\\\/uploads\\\/2020\\\/02\\\/RAL-Standard-1024x171.jpg\",\"datePublished\":\"2020-02-09T23:39:41+00:00\",\"dateModified\":\"2022-04-09T21:51:50+00:00\",\"breadcrumb\":{\"@id\":\"https:\\\/\\\/stadtmobiliar.at\\\/index.php\\\/ral-muster\\\/#breadcrumb\"},\"inLanguage\":\"de\",\"potentialAction\":[{\"@type\":\"ReadAction\",\"target\":[\"https:\\\/\\\/stadtmobiliar.at\\\/index.php\\\/ral-muster\\\/\"]}]},{\"@type\":\"ImageObject\",\"inLanguage\":\"de\",\"@id\":\"https:\\\/\\\/stadtmobiliar.at\\\/index.php\\\/ral-muster\\\/#primaryimage\",\"url\":\"http:\\\/\\\/www.stadtmobiliar.at\\\/content\\\/wp-content\\\/uploads\\\/2020\\\/02\\\/RAL-Standard-1024x171.jpg\",\"contentUrl\":\"http:\\\/\\\/www.stadtmobiliar.at\\\/content\\\/wp-content\\\/uploads\\\/2020\\\/02\\\/RAL-Standard-1024x171.jpg\"},{\"@type\":\"BreadcrumbList\",\"@id\":\"https:\\\/\\\/stadtmobiliar.at\\\/index.php\\\/ral-muster\\\/#breadcrumb\",\"itemListElement\":[{\"@type\":\"ListItem\",\"position\":1,\"name\":\"Startseite\",\"item\":\"https:\\\/\\\/stadtmobiliar.at\\\/\"},{\"@type\":\"ListItem\",\"position\":2,\"name\":\"RAL Muster\"}]},{\"@type\":\"WebSite\",\"@id\":\"https:\\\/\\\/stadtmobiliar.at\\\/#website\",\"url\":\"https:\\\/\\\/stadtmobiliar.at\\\/\",\"name\":\"Stadtmobiliar Handels OG\",\"description\":\"M&ouml;bel f&uuml;rs Leben\",\"publisher\":{\"@id\":\"https:\\\/\\\/stadtmobiliar.at\\\/#organization\"},\"alternateName\":\"Stadtmobiliar Austria\",\"potentialAction\":[{\"@type\":\"SearchAction\",\"target\":{\"@type\":\"EntryPoint\",\"urlTemplate\":\"https:\\\/\\\/stadtmobiliar.at\\\/?s={search_term_string}\"},\"query-input\":{\"@type\":\"PropertyValueSpecification\",\"valueRequired\":true,\"valueName\":\"search_term_string\"}}],\"inLanguage\":\"de\"},{\"@type\":\"Organization\",\"@id\":\"https:\\\/\\\/stadtmobiliar.at\\\/#organization\",\"name\":\"Stadtmobiliar.at\",\"url\":\"https:\\\/\\\/stadtmobiliar.at\\\/\",\"logo\":{\"@type\":\"ImageObject\",\"inLanguage\":\"de\",\"@id\":\"https:\\\/\\\/stadtmobiliar.at\\\/#\\\/schema\\\/logo\\\/image\\\/\",\"url\":\"https:\\\/\\\/stadtmobiliar.at\\\/wp-content\\\/uploads\\\/2020\\\/02\\\/Logo-1000x200-1.jpg\",\"contentUrl\":\"https:\\\/\\\/stadtmobiliar.at\\\/wp-content\\\/uploads\\\/2020\\\/02\\\/Logo-1000x200-1.jpg\",\"width\":1000,\"height\":217,\"caption\":\"Stadtmobiliar.at\"},\"image\":{\"@id\":\"https:\\\/\\\/stadtmobiliar.at\\\/#\\\/schema\\\/logo\\\/image\\\/\"},\"sameAs\":[\"https:\\\/\\\/www.facebook.com\\\/urbaniaaustria\"]}]}<\/script>\n<!-- \/ Yoast SEO plugin. -->","yoast_head_json":{"title":"RAL Muster - Stadtmobiliar Handels OG","robots":{"index":"index","follow":"follow","max-snippet":"max-snippet:-1","max-image-preview":"max-image-preview:large","max-video-preview":"max-video-preview:-1"},"canonical":"https:\/\/stadtmobiliar.at\/index.php\/ral-muster\/","og_locale":"de_DE","og_type":"article","og_title":"RAL Muster - Stadtmobiliar Handels OG","og_description":"Die Nachstehend finden Sie unsere Standard-RAL Farben. Die Farben, die wir standardm\u00e4\u00dfig und ohne zus\u00e4tzliche Kosten f\u00fcr unsere Produkte verwenden.\u00a0 Wenn Sie eine andere Farbe w\u00e4hlen m\u00f6chten, k\u00f6nnen Sie aus der vollst\u00e4ndigen RAL-Farbkarte ausw\u00e4hlen. Farben, die nicht in unserer Standard-RAL-Farbkarte enthalten sind, k\u00f6nnen gegen einen geringf\u00fcgigen\u00a0Aufpreis\u00a0bestellt werden.","og_url":"https:\/\/stadtmobiliar.at\/index.php\/ral-muster\/","og_site_name":"Stadtmobiliar Handels OG","article_publisher":"https:\/\/www.facebook.com\/urbaniaaustria","article_modified_time":"2022-04-09T21:51:50+00:00","og_image":[{"url":"http:\/\/www.stadtmobiliar.at\/content\/wp-content\/uploads\/2020\/02\/RAL-Standard-1024x171.jpg","type":"","width":"","height":""}],"twitter_card":"summary_large_image","schema":{"@context":"https:\/\/schema.org","@graph":[{"@type":"WebPage","@id":"https:\/\/stadtmobiliar.at\/index.php\/ral-muster\/","url":"https:\/\/stadtmobiliar.at\/index.php\/ral-muster\/","name":"RAL Muster - Stadtmobiliar Handels OG","isPartOf":{"@id":"https:\/\/stadtmobiliar.at\/#website"},"primaryImageOfPage":{"@id":"https:\/\/stadtmobiliar.at\/index.php\/ral-muster\/#primaryimage"},"image":{"@id":"https:\/\/stadtmobiliar.at\/index.php\/ral-muster\/#primaryimage"},"thumbnailUrl":"http:\/\/www.stadtmobiliar.at\/content\/wp-content\/uploads\/2020\/02\/RAL-Standard-1024x171.jpg","datePublished":"2020-02-09T23:39:41+00:00","dateModified":"2022-04-09T21:51:50+00:00","breadcrumb":{"@id":"https:\/\/stadtmobiliar.at\/index.php\/ral-muster\/#breadcrumb"},"inLanguage":"de","potentialAction":[{"@type":"ReadAction","target":["https:\/\/stadtmobiliar.at\/index.php\/ral-muster\/"]}]},{"@type":"ImageObject","inLanguage":"de","@id":"https:\/\/stadtmobiliar.at\/index.php\/ral-muster\/#primaryimage","url":"http:\/\/www.stadtmobiliar.at\/content\/wp-content\/uploads\/2020\/02\/RAL-Standard-1024x171.jpg","contentUrl":"http:\/\/www.stadtmobiliar.at\/content\/wp-content\/uploads\/2020\/02\/RAL-Standard-1024x171.jpg"},{"@type":"BreadcrumbList","@id":"https:\/\/stadtmobiliar.at\/index.php\/ral-muster\/#breadcrumb","itemListElement":[{"@type":"ListItem","position":1,"name":"Startseite","item":"https:\/\/stadtmobiliar.at\/"},{"@type":"ListItem","position":2,"name":"RAL Muster"}]},{"@type":"WebSite","@id":"https:\/\/stadtmobiliar.at\/#website","url":"https:\/\/stadtmobiliar.at\/","name":"Stadtmobiliar Handels OG","description":"M&ouml;bel f&uuml;rs Leben","publisher":{"@id":"https:\/\/stadtmobiliar.at\/#organization"},"alternateName":"Stadtmobiliar Austria","potentialAction":[{"@type":"SearchAction","target":{"@type":"EntryPoint","urlTemplate":"https:\/\/stadtmobiliar.at\/?s={search_term_string}"},"query-input":{"@type":"PropertyValueSpecification","valueRequired":true,"valueName":"search_term_string"}}],"inLanguage":"de"},{"@type":"Organization","@id":"https:\/\/stadtmobiliar.at\/#organization","name":"Stadtmobiliar.at","url":"https:\/\/stadtmobiliar.at\/","logo":{"@type":"ImageObject","inLanguage":"de","@id":"https:\/\/stadtmobiliar.at\/#\/schema\/logo\/image\/","url":"https:\/\/stadtmobiliar.at\/wp-content\/uploads\/2020\/02\/Logo-1000x200-1.jpg","contentUrl":"https:\/\/stadtmobiliar.at\/wp-content\/uploads\/2020\/02\/Logo-1000x200-1.jpg","width":1000,"height":217,"caption":"Stadtmobiliar.at"},"image":{"@id":"https:\/\/stadtmobiliar.at\/#\/schema\/logo\/image\/"},"sameAs":["https:\/\/www.facebook.com\/urbaniaaustria"]}]}},"_links":{"self":[{"href":"https:\/\/stadtmobiliar.at\/index.php\/wp-json\/wp\/v2\/pages\/100","targetHints":{"allow":["GET"]}}],"collection":[{"href":"https:\/\/stadtmobiliar.at\/index.php\/wp-json\/wp\/v2\/pages"}],"about":[{"href":"https:\/\/stadtmobiliar.at\/index.php\/wp-json\/wp\/v2\/types\/page"}],"author":[{"embeddable":true,"href":"https:\/\/stadtmobiliar.at\/index.php\/wp-json\/wp\/v2\/users\/1"}],"replies":[{"embeddable":true,"href":"https:\/\/stadtmobiliar.at\/index.php\/wp-json\/wp\/v2\/comments?post=100"}],"version-history":[{"count":16,"href":"https:\/\/stadtmobiliar.at\/index.php\/wp-json\/wp\/v2\/pages\/100\/revisions"}],"predecessor-version":[{"id":1711,"href":"https:\/\/stadtmobiliar.at\/index.php\/wp-json\/wp\/v2\/pages\/100\/revisions\/1711"}],"wp:attachment":[{"href":"https:\/\/stadtmobiliar.at\/index.php\/wp-json\/wp\/v2\/media?parent=100"}],"curies":[{"name":"wp","href":"https:\/\/api.w.org\/{rel}","templated":true}]}}